{"id":4888,"date":"2025-11-23T14:44:41","date_gmt":"2025-11-23T14:44:41","guid":{"rendered":"https:\/\/www.sumoanalysis.com\/multi-timeframe-trading\/"},"modified":"2026-02-07T19:44:50","modified_gmt":"2026-02-07T19:44:50","slug":"handel-ueber-mehrere-zeitrahmen","status":"publish","type":"page","link":"https:\/\/www.sumoanalysis.com\/de\/handel-ueber-mehrere-zeitrahmen\/","title":{"rendered":"Handel \u00fcber mehrere Zeitrahmen"},"content":{"rendered":"\t\t<div data-elementor-type=\"wp-page\" data-elementor-id=\"4888\" class=\"elementor elementor-4888 elementor-2716\" data-elementor-settings=\"{&quot;ha_cmc_init_switcher&quot;:&quot;no&quot;}\" data-elementor-post-type=\"page\">\n\t\t\t\t<div class=\"elementor-element elementor-element-a8d2b85 e-flex e-con-boxed e-con e-parent\" data-id=\"a8d2b85\" data-element_type=\"container\" data-settings=\"{&quot;_ha_eqh_enable&quot;:false}\">\n\t\t\t\t\t<div class=\"e-con-inner\">\n\t\t\t\t<div class=\"elementor-element elementor-element-58753d8 elementor-widget elementor-widget-html\" data-id=\"58753d8\" data-element_type=\"widget\" data-widget_type=\"html.default\">\n\t\t\t\t\t<style>\n  :root {\n    --bg: #050509;\n    --bg-soft: #0b0b12;\n    --accent: #5cffc7;\n    --accent-soft: rgba(92, 255, 199, 0.12);\n    --text: #f5f5f7;\n    --muted: #9a9aa5;\n    --card-radius: 18px;\n    --card-border: 1px solid rgba(255,255,255,0.06);\n    --shadow-soft: 0 24px 60px rgba(0,0,0,0.6);\n    --max-width: 1120px;\n    --transition-fast: 180ms ease-out;\n    --font-main: system-ui, -apple-system, BlinkMacSystemFont, \"SF Pro Text\",\n      \"Segoe UI\", sans-serif;\n  }\n\n  *,\n  *::before,\n  *::after {\n    box-sizing: border-box;\n  }\n\n  body {\n    margin: 0;\n    min-height: 100vh;\n    font-family: var(--font-main);\n    background: radial-gradient(circle at top, #111325 0, #050509 60%);\n    background-size: 220% 220%;\n    animation: bgShift 20s ease-in-out infinite alternate;\n    color: var(--text);\n  }\n\n  @keyframes bgShift {\n    0% { background-position: 0% 20%; }\n    100% { background-position: 100% 80%; }\n  }\n\n  .page { min-height: 100vh; display: flex; flex-direction: column; }\n  main { flex: 1; }\n\n  .shell {\n    max-width: var(--max-width);\n    margin: 0 auto;\n    padding: 40px 20px 72px;\n  }\n\n  .eyebrow {\n    display: inline-flex;\n    align-items: center;\n    gap: 8px;\n    padding: 3px 10px;\n    border-radius: 999px;\n    background: rgba(255, 255, 255, 0.04);\n    border: 1px solid rgba(255, 255, 255, 0.08);\n    font-size: 0.7rem;\n    text-transform: uppercase;\n    letter-spacing: 0.12em;\n    color: var(--muted);\n    margin-bottom: 18px;\n  }\n\n  .eyebrow-dot {\n    width: 6px;\n    height: 6px;\n    border-radius: 999px;\n    background: var(--accent);\n    box-shadow: 0 0 0 4px var(--accent-soft);\n    animation: ping 1.8s ease-out infinite;\n  }\n\n  @keyframes ping {\n    0% { transform: scale(1); opacity: 1; }\n    70% { transform: scale(1.6); opacity: 0; }\n    100% { transform: scale(1.6); opacity: 0; }\n  }\n\n  .hero {\n    display: grid;\n    grid-template-columns: minmax(0, 2.1fr) minmax(0, 1.6fr);\n    gap: 36px;\n    margin-bottom: 56px;\n    align-items: center;\n  }\n\n  .hero h1 {\n    font-size: clamp(2.2rem, 3vw, 2.8rem);\n    margin: 0 0 14px;\n    letter-spacing: -0.03em;\n  }\n\n  .hero-lead {\n    margin: 0 0 18px;\n    color: var(--muted);\n    font-size: 0.98rem;\n    line-height: 1.65;\n  }\n\n  .hero-meta {\n    display: flex;\n    flex-wrap: wrap;\n    gap: 12px;\n    font-size: 0.8rem;\n    color: var(--muted);\n  }\n\n  .hero-badge {\n    padding: 6px 10px;\n    border-radius: 999px;\n    border: 1px solid rgba(255, 255, 255, 0.12);\n    background: rgba(6, 6, 10, 0.8);\n    transition: transform 0.25s ease-out, box-shadow 0.25s ease-out,\n      border-color 0.25s ease-out, background 0.25s ease-out;\n  }\n\n  .hero-badge:hover {\n    transform: translateY(-3px);\n    box-shadow: 0 14px 34px rgba(0, 0, 0, 0.9);\n    border-color: rgba(92, 255, 199, 0.6);\n    background: rgba(6, 6, 10, 0.95);\n  }\n\n  .hero-panel {\n    border-radius: 26px;\n    background: radial-gradient(circle at 0 0, #202040 0, #050509 55%);\n    border: 1px solid rgba(255, 255, 255, 0.06);\n    box-shadow: var(--shadow-soft);\n    padding: 20px 18px 18px;\n    position: relative;\n    overflow: hidden;\n    transform: translateY(0);\n    transition: transform 0.3s ease-out, box-shadow 0.3s ease-out,\n      border-color 0.3s ease-out, background 0.3s ease-out;\n  }\n\n  .hero-panel:hover {\n    transform: translateY(-8px);\n    box-shadow: 0 30px 80px rgba(0, 0, 0, 0.95);\n    border-color: rgba(92, 255, 199, 0.65);\n    background: radial-gradient(circle at 0 0, #273055 0, #050509 60%);\n  }\n\n  .hero-panel h2 { margin: 0 0 10px; font-size: 1rem; }\n  .hero-panel p { margin: 0 0 16px; font-size: 0.86rem; color: var(--muted); }\n\n  .grid {\n    display: grid;\n    grid-template-columns: repeat(3, minmax(0, 1fr));\n    gap: 16px;\n  }\n\n  .time-card {\n    border-radius: 18px;\n    border: 1px solid rgba(255, 255, 255, 0.08);\n    background: radial-gradient(circle at top, #15151e 0, #050509 70%);\n    padding: 18px 16px 16px;\n    box-shadow: var(--shadow-soft);\n    font-size: 0.86rem;\n    transform: translateY(0);\n    transition: transform 0.28s ease-out, box-shadow 0.28s ease-out,\n      border-color 0.28s ease-out, background 0.28s ease-out;\n  }\n\n  .time-card:hover {\n    transform: translateY(-8px);\n    border-color: rgba(92, 255, 199, 0.6);\n    box-shadow: 0 28px 70px rgba(0, 0, 0, 0.95);\n    background: radial-gradient(circle at top, #1b1c2b 0, #050509 70%);\n  }\n\n  .time-label {\n    font-size: 0.78rem;\n    text-transform: uppercase;\n    letter-spacing: 0.12em;\n    color: var(--muted);\n  }\n\n  .time-card h3 {\n    margin: 6px 0 8px;\n    font-size: 1rem;\n  }\n\n  .time-card p {\n    margin: 0;\n    color: var(--muted);\n    line-height: 1.6;\n  }\n\n  section { margin-bottom: 56px; transition: transform 0.35s ease-out; }\n  section:hover { transform: translateY(-3px); }\n\n  section h2 { font-size: 1.5rem; margin-bottom: 8px; letter-spacing: -0.02em; }\n\n  section > p.section-intro {\n    margin: 0 0 22px;\n    color: var(--muted);\n    font-size: 0.95rem;\n    max-width: 640px;\n  }\n\n  .split {\n    display: grid;\n    grid-template-columns: minmax(0, 1.4fr) minmax(0, 1.4fr);\n    gap: 28px;\n  }\n\n  .workflow {\n    border-radius: 18px;\n    border: 1px solid rgba(255, 255, 255, 0.08);\n    background: rgba(9, 9, 14, 0.9);\n    padding: 18px 16px 14px;\n    box-shadow: var(--shadow-soft);\n    font-size: 0.86rem;\n    transform: translateY(0);\n    transition: transform 0.28s ease-out, box-shadow 0.28s ease-out,\n      border-color 0.28s ease-out, background 0.28s ease-out;\n  }\n\n  .workflow:hover {\n    transform: translateY(-8px);\n    border-color: rgba(92, 255, 199, 0.5);\n    box-shadow: 0 26px 70px rgba(0, 0, 0, 0.95);\n    background: rgba(13, 15, 26, 0.98);\n  }\n\n  .workflow h3 { margin: 4px 0 8px; font-size: 1rem; }\n  .workflow p { margin: 0 0 10px; color: var(--muted); line-height: 1.6; }\n  .workflow ul { margin: 0; padding-left: 18px; color: var(--muted); }\n\n  @media (max-width: 860px) {\n    .hero { grid-template-columns: minmax(0, 1fr); }\n    .hero-panel { order: -1; }\n    .grid { grid-template-columns: minmax(0, 1fr); }\n    .split { grid-template-columns: minmax(0, 1fr); }\n  }\n<\/style>\n\n<div class=\"page\">\n  <main>\n    <div class=\"shell\">\n      <div class=\"eyebrow\">\n        <span class=\"eyebrow-dot\"><\/span> Multi-Timeframe-Trading\n      <\/div>\n\n      <section class=\"hero\">\n        <div>\n          <h1>Eine Strategie, f\u00fcnf Zeitrahmen. Handeln Sie den Markt auf Ihre Weise.<\/h1>\n          <p class=\"hero-lead\">\n            Von 5-Minuten-Scalps bis zu 1-Tages-Swings passen Sumos Zeitrahmen-Spezialisten jedes Signal\n            an Ihre Handelsweise an \u2013 nicht umgekehrt.\n          <\/p>\n          <div class=\"hero-meta\">\n            <div class=\"hero-badge\">5m \u00b7 15m \u00b7 1h \u00b7 4h \u00b7 1d<\/div>\n            <div class=\"hero-badge\">F\u00fcr jeden Zeitplan geeignet<\/div>\n          <\/div>\n        <\/div>\n\n        <aside class=\"hero-panel\">\n          <h2>Zeitrahmen-Spezialisten<\/h2>\n          <p>\n            W\u00e4hlen Sie den Rhythmus, der zu Ihrem Lebensstil passt, und Sumo pr\u00e4sentiert die relevantesten Ideen\n            f\u00fcr diesen Horizont.\n          <\/p>\n          <div class=\"grid\">\n            <div class=\"time-card\">\n              <span class=\"time-label\">5m \u00b7 15m<\/span>\n              <h3>Scalping &amp; kurze Swings<\/h3>\n              <p>Erfassen Sie schnelle Momentum-Ausbr\u00fcche mit engem Risiko und schnellen Ausstiegen f\u00fcr aktive Trader.<\/p>\n            <\/div>\n            <div class=\"time-card\">\n              <span class=\"time-label\">1h \u00b7 4h<\/span>\n              <h3>Ausgewogenes Intraday<\/h3>\n              <p>Verbinden Sie Intraday-Bewegungen mit stabileren Trends f\u00fcr Leute, die mehrmals t\u00e4glich Charts \u00fcberpr\u00fcfen.<\/p>\n            <\/div>\n            <div class=\"time-card\">\n              <span class=\"time-label\">1d<\/span>\n              <h3>Strategische Swings<\/h3>\n              <p>Reiten Sie gr\u00f6\u00dfere Bewegungen mit weniger Entscheidungen, ideal f\u00fcr Trader, die nicht am Bildschirm sitzen k\u00f6nnen.<\/p>\n            <\/div>\n          <\/div>\n        <\/aside>\n      <\/section>\n\n      <section>\n        <h2>Warum Multi-Timeframe wichtig ist<\/h2>\n        <p class=\"section-intro\">\n          M\u00e4rkte verhalten sich in jedem Zeitrahmen unterschiedlich. Sumo f\u00fchrt dedizierte Logik f\u00fcr jeden Horizont aus, damit Ihre\n          Einstiege, Stopps und Ziele mit der Struktur \u00fcbereinstimmen, die Sie tats\u00e4chlich handeln.\n        <\/p>\n        <div class=\"split\">\n          <div>\n            <div class=\"workflow\">\n              <h3>Respektieren Sie das gro\u00dfe Ganze<\/h3>\n              <p>\n                Sumo richtet Einstiege in niedrigeren Zeitrahmen an Trends in h\u00f6heren Zeitrahmen aus, um einen Kampf gegen die dominierende Bewegung zu vermeiden.\n              <\/p>\n              <ul>\n                <li>Best\u00e4tigen Sie kurzfristige Setups anhand der 4h- und 1d-Trend-Tendenz.<\/li>\n                <li>Filtern Sie Signale heraus, die mit der Hauptstruktur kollidieren.<\/li>\n                <li>Bleiben Sie \u00f6fter auf der richtigen Seite des Momentums.<\/li>\n              <\/ul>\n            <\/div>\n          <\/div>\n          <div>\n            <div class=\"workflow\">\n              <h3>Handeln Sie nach Ihrem Zeitplan<\/h3>\n              <p>\n                Ob Sie den ganzen Tag am Schreibtisch sind oder Ihr Telefon zwischen Aufgaben \u00fcberpr\u00fcfen, Sumo passt sich der Zeit an,\n                die Sie tats\u00e4chlich haben.\n              <\/p>\n              <ul>\n                <li>Aktive Scalper: Folgen Sie 5m- &amp; 15m-Alarmen f\u00fcr schnelle Gelegenheiten.<\/li>\n                <li>Besch\u00e4ftigte Profis: Konzentrieren Sie sich nur auf 1h-, 4h- und 1d-Signale.<\/li>\n                <li>Hybrid-Trader: Mischen Sie Horizonte, um um eine Kernansicht herum ein- und auszusteigen.<\/li>\n              <\/ul>\n            <\/div>\n          <\/div>\n        <\/div>\n      <\/section>\n\n      <section>\n        <h2>Reale Workflows<\/h2>\n        <p class=\"section-intro\">\n          Sehen Sie, wie verschiedene Trader-Typen Multi-Timeframe-Signale in ihre t\u00e4gliche Routine einbinden.\n        <\/p>\n        <div class=\"split\">\n          <div class=\"workflow\">\n            <h3>Der Trader mit Tagesjob<\/h3>\n            <p>\n              \u00dcberpr\u00fcft Sumo morgens und abends und konzentriert sich auf 4h- und 1d-Swing-Ideen, die keine st\u00e4ndige Aufmerksamkeit erfordern.\n            <\/p>\n            <ul>\n              <li>Scannen Sie beim Kaffee den 1d-Trend und 4h-Einstiege.<\/li>\n              <li>Platzieren Sie Orders mit vordefinierten TP\/SL.<\/li>\n              <li>\u00dcberpr\u00fcfen und anpassen Sie einmal nach der Arbeit.<\/li>\n            <\/ul>\n          <\/div>\n          <div class=\"workflow\">\n            <h3>Der aktive Intraday-Scalper<\/h3>\n            <p>\n              Lebt von 5m- und 15m-Signalen und nutzt Alarme und Bots f\u00fcr schnelle Ausf\u00fchrung bei gleichzeitiger Risikokontrolle.\n            <\/p>\n            <ul>\n              <li>Empfangen Sie Echtzeit-Kurzzeit-Alarme.<\/li>\n              <li>F\u00fchren Sie mit engen Stopps und gestaffelten Ausstiegen aus.<\/li>\n              <li>Verwenden Sie die 1h-Richtung als Filter f\u00fcr h\u00f6here Zeitrahmen.<\/li>\n            <\/ul>\n          <\/div>\n        <\/div>\n      <\/section>\n          <!-- SHORTCODE SECTION - FULL WIDTH -->\n      <div style=\"width: 100%; margin-top: 32px;\">\n        <!-- Cryptocurrency Widgets PRO 3.9.4  !--><div class=\" style-1-2 ccpw-ticker-cont \" ><div class=\"tickercontainer\">    <div id=\"ccpw-ticker-1911\"><div class=\"ccpw_react_widget\" id=\"ccpw_react_widgets_19112047024171\" data-attribute={\"type\":\"ticker\",\"selected_currency\":\"USD\",\"custom_currency\":\"\",\"show_coins\":\"10\",\"design\":\"style-1\",\"MbFormating\":\"on\",\"live_changes\":\"on\",\"bg_color\":\"#000000\",\"display_changes\":\"on\",\"speed\":\"40\",\"ticker_position\":\"shortcode\",\"random_id\":\"19112047024171\"}><\/div><\/div><\/div><\/div><style type='text\/css'>\r\n\t\t\t\t   .tooltip-title,\r\n\t\t\t\t   .ToolTipPortal .changes ,\r\n\t\t\t\t   .tooltip-list-vol,\r\n\t\t\t\t   .tooltip-market_cap{color:#ffffff;}\r\n\t\t\t   \r\n\t\t\t    \t\r\n\t\t\t\t   .tickercontainer #ccpw-ticker-1911 {background-color:#000000;}\r\n\t\t\t\t   .tickercontainer #ccpw-ticker-1911 .ticker-name,\r\n\t\t\t\t   .tickercontainer #ccpw-ticker-1911 .ticker-symbol,\r\n\t\t\t\t   .tickercontainer #ccpw-ticker-1911 .live-pricing,\r\n\t\t\t\t   .tickercontainer #ccpw-ticker-1911  .ticker-price {color:#ffffff;}\r\n\t\t\t   <\/style>\n      <\/div>\n    <\/div>\n  <\/main>\n<\/div>\n\t\t\t\t<\/div>\n\t\t\t\t\t<\/div>\n\t\t\t\t<\/div>\n\t\t\t\t<\/div>\n\t\t","protected":false},"excerpt":{"rendered":"<p>Multi-Timeframe-Trading Eine Strategie, f\u00fcnf Zeitrahmen. Handeln Sie den Markt auf Ihre Weise. Von 5-Minuten-Scalps bis zu 1-Tages-Swings passen Sumos Zeitrahmen-Spezialisten jedes Signal an Ihre Handelsweise an \u2013 nicht umgekehrt. 5m \u00b7 15m \u00b7 1h \u00b7 4h \u00b7 1d F\u00fcr jeden Zeitplan geeignet Zeitrahmen-Spezialisten W\u00e4hlen Sie den Rhythmus, der zu Ihrem Lebensstil passt, und Sumo pr\u00e4sentiert [&hellip;]<\/p>\n","protected":false},"author":1,"featured_media":0,"parent":0,"menu_order":0,"comment_status":"closed","ping_status":"closed","template":"","meta":{"_acf_changed":false,"_yoast_wpseo_focuskw":"Handel \u00fcber mehrere Zeitrahmen","_yoast_wpseo_title":"","_yoast_wpseo_metadesc":"Analysieren Sie die Kryptow\u00e4hrungsm\u00e4rkte \u00fcber mehrere Zeitrahmen hinweg. Stimmen Sie kurzfristige Impulse mit langfristigen Trends ab, indem Sie die Multi-Timeframe-Trading-Tools von Sumo Tradings nutzen.","footnotes":""},"class_list":["post-4888","page","type-page","status-publish","hentry"],"acf":[],"yoast_head":"<!-- This site is optimized with the Yoast SEO plugin v26.5 - https:\/\/yoast.com\/wordpress\/plugins\/seo\/ -->\n<title>Handel \u00fcber mehrere Zeitrahmen - SumoAnalysis<\/title>\n<meta name=\"description\" content=\"Analysieren Sie die Kryptow\u00e4hrungsm\u00e4rkte \u00fcber mehrere Zeitrahmen hinweg. Stimmen Sie kurzfristige Impulse mit langfristigen Trends ab, indem Sie die Multi-Timeframe-Trading-Tools von Sumo Tradings nutzen.\" \/>\n<meta name=\"robots\" content=\"index, follow, max-snippet:-1, max-image-preview:large, max-video-preview:-1\" \/>\n<link rel=\"canonical\" href=\"https:\/\/www.sumoanalysis.com\/de\/handel-ueber-mehrere-zeitrahmen\/\" \/>\n<meta property=\"og:locale\" content=\"de_DE\" \/>\n<meta property=\"og:type\" content=\"article\" \/>\n<meta property=\"og:title\" content=\"Handel \u00fcber mehrere Zeitrahmen - SumoAnalysis\" \/>\n<meta property=\"og:description\" content=\"Analysieren Sie die Kryptow\u00e4hrungsm\u00e4rkte \u00fcber mehrere Zeitrahmen hinweg. Stimmen Sie kurzfristige Impulse mit langfristigen Trends ab, indem Sie die Multi-Timeframe-Trading-Tools von Sumo Tradings nutzen.\" \/>\n<meta property=\"og:site_name\" content=\"SumoAnalysis\" \/>\n<meta property=\"article:modified_time\" content=\"2026-02-07T19:44:50+00:00\" \/>\n<meta name=\"twitter:card\" content=\"summary_large_image\" \/>\n<meta name=\"twitter:label1\" content=\"Gesch\u00e4tzte Lesezeit\" \/>\n\t<meta name=\"twitter:data1\" content=\"2\u00a0Minuten\" \/>\n<script type=\"application\/ld+json\" class=\"yoast-schema-graph\">{\"@context\":\"https:\/\/schema.org\",\"@graph\":[{\"@type\":\"WebPage\",\"@id\":\"https:\/\/www.sumoanalysis.com\/de\/handel-ueber-mehrere-zeitrahmen\/\",\"url\":\"https:\/\/www.sumoanalysis.com\/de\/handel-ueber-mehrere-zeitrahmen\/\",\"name\":\"Handel \u00fcber mehrere Zeitrahmen - SumoAnalysis\",\"isPartOf\":{\"@id\":\"https:\/\/www.sumoanalysis.com\/de\/#website\"},\"datePublished\":\"2025-11-23T14:44:41+00:00\",\"dateModified\":\"2026-02-07T19:44:50+00:00\",\"description\":\"Analysieren Sie die Kryptow\u00e4hrungsm\u00e4rkte \u00fcber mehrere Zeitrahmen hinweg. Stimmen Sie kurzfristige Impulse mit langfristigen Trends ab, indem Sie die Multi-Timeframe-Trading-Tools von Sumo Tradings nutzen.\",\"breadcrumb\":{\"@id\":\"https:\/\/www.sumoanalysis.com\/de\/handel-ueber-mehrere-zeitrahmen\/#breadcrumb\"},\"inLanguage\":\"de\",\"potentialAction\":[{\"@type\":\"ReadAction\",\"target\":[\"https:\/\/www.sumoanalysis.com\/de\/handel-ueber-mehrere-zeitrahmen\/\"]}]},{\"@type\":\"BreadcrumbList\",\"@id\":\"https:\/\/www.sumoanalysis.com\/de\/handel-ueber-mehrere-zeitrahmen\/#breadcrumb\",\"itemListElement\":[{\"@type\":\"ListItem\",\"position\":1,\"name\":\"Home\",\"item\":\"https:\/\/www.sumoanalysis.com\/de\/\"},{\"@type\":\"ListItem\",\"position\":2,\"name\":\"Handel \u00fcber mehrere Zeitrahmen\"}]},{\"@type\":\"WebSite\",\"@id\":\"https:\/\/www.sumoanalysis.com\/de\/#website\",\"url\":\"https:\/\/www.sumoanalysis.com\/de\/\",\"name\":\"SumoAnalysis\",\"description\":\"Sumo Tradings Handles the Analysis. You Focus on Results.\",\"publisher\":{\"@id\":\"https:\/\/www.sumoanalysis.com\/de\/#organization\"},\"potentialAction\":[{\"@type\":\"SearchAction\",\"target\":{\"@type\":\"EntryPoint\",\"urlTemplate\":\"https:\/\/www.sumoanalysis.com\/de\/?s={search_term_string}\"},\"query-input\":{\"@type\":\"PropertyValueSpecification\",\"valueRequired\":true,\"valueName\":\"search_term_string\"}}],\"inLanguage\":\"de\"},{\"@type\":\"Organization\",\"@id\":\"https:\/\/www.sumoanalysis.com\/de\/#organization\",\"name\":\"SumoAnalysis\",\"url\":\"https:\/\/www.sumoanalysis.com\/de\/\",\"logo\":{\"@type\":\"ImageObject\",\"inLanguage\":\"de\",\"@id\":\"https:\/\/www.sumoanalysis.com\/de\/#\/schema\/logo\/image\/\",\"url\":\"https:\/\/www.sumoanalysis.com\/wp-content\/uploads\/2025\/09\/cropped-Adobe-Express-file.png\",\"contentUrl\":\"https:\/\/www.sumoanalysis.com\/wp-content\/uploads\/2025\/09\/cropped-Adobe-Express-file.png\",\"width\":512,\"height\":512,\"caption\":\"SumoAnalysis\"},\"image\":{\"@id\":\"https:\/\/www.sumoanalysis.com\/de\/#\/schema\/logo\/image\/\"}}]}<\/script>\n<!-- \/ Yoast SEO plugin. -->","yoast_head_json":{"title":"Handel \u00fcber mehrere Zeitrahmen - SumoAnalysis","description":"Analysieren Sie die Kryptow\u00e4hrungsm\u00e4rkte \u00fcber mehrere Zeitrahmen hinweg. Stimmen Sie kurzfristige Impulse mit langfristigen Trends ab, indem Sie die Multi-Timeframe-Trading-Tools von Sumo Tradings nutzen.","robots":{"index":"index","follow":"follow","max-snippet":"max-snippet:-1","max-image-preview":"max-image-preview:large","max-video-preview":"max-video-preview:-1"},"canonical":"https:\/\/www.sumoanalysis.com\/de\/handel-ueber-mehrere-zeitrahmen\/","og_locale":"de_DE","og_type":"article","og_title":"Handel \u00fcber mehrere Zeitrahmen - SumoAnalysis","og_description":"Analysieren Sie die Kryptow\u00e4hrungsm\u00e4rkte \u00fcber mehrere Zeitrahmen hinweg. Stimmen Sie kurzfristige Impulse mit langfristigen Trends ab, indem Sie die Multi-Timeframe-Trading-Tools von Sumo Tradings nutzen.","og_site_name":"SumoAnalysis","article_modified_time":"2026-02-07T19:44:50+00:00","twitter_card":"summary_large_image","twitter_misc":{"Gesch\u00e4tzte Lesezeit":"2\u00a0Minuten"},"schema":{"@context":"https:\/\/schema.org","@graph":[{"@type":"WebPage","@id":"https:\/\/www.sumoanalysis.com\/de\/handel-ueber-mehrere-zeitrahmen\/","url":"https:\/\/www.sumoanalysis.com\/de\/handel-ueber-mehrere-zeitrahmen\/","name":"Handel \u00fcber mehrere Zeitrahmen - SumoAnalysis","isPartOf":{"@id":"https:\/\/www.sumoanalysis.com\/de\/#website"},"datePublished":"2025-11-23T14:44:41+00:00","dateModified":"2026-02-07T19:44:50+00:00","description":"Analysieren Sie die Kryptow\u00e4hrungsm\u00e4rkte \u00fcber mehrere Zeitrahmen hinweg. Stimmen Sie kurzfristige Impulse mit langfristigen Trends ab, indem Sie die Multi-Timeframe-Trading-Tools von Sumo Tradings nutzen.","breadcrumb":{"@id":"https:\/\/www.sumoanalysis.com\/de\/handel-ueber-mehrere-zeitrahmen\/#breadcrumb"},"inLanguage":"de","potentialAction":[{"@type":"ReadAction","target":["https:\/\/www.sumoanalysis.com\/de\/handel-ueber-mehrere-zeitrahmen\/"]}]},{"@type":"BreadcrumbList","@id":"https:\/\/www.sumoanalysis.com\/de\/handel-ueber-mehrere-zeitrahmen\/#breadcrumb","itemListElement":[{"@type":"ListItem","position":1,"name":"Home","item":"https:\/\/www.sumoanalysis.com\/de\/"},{"@type":"ListItem","position":2,"name":"Handel \u00fcber mehrere Zeitrahmen"}]},{"@type":"WebSite","@id":"https:\/\/www.sumoanalysis.com\/de\/#website","url":"https:\/\/www.sumoanalysis.com\/de\/","name":"SumoAnalysis","description":"Sumo Tradings Handles the Analysis. You Focus on Results.","publisher":{"@id":"https:\/\/www.sumoanalysis.com\/de\/#organization"},"potentialAction":[{"@type":"SearchAction","target":{"@type":"EntryPoint","urlTemplate":"https:\/\/www.sumoanalysis.com\/de\/?s={search_term_string}"},"query-input":{"@type":"PropertyValueSpecification","valueRequired":true,"valueName":"search_term_string"}}],"inLanguage":"de"},{"@type":"Organization","@id":"https:\/\/www.sumoanalysis.com\/de\/#organization","name":"SumoAnalysis","url":"https:\/\/www.sumoanalysis.com\/de\/","logo":{"@type":"ImageObject","inLanguage":"de","@id":"https:\/\/www.sumoanalysis.com\/de\/#\/schema\/logo\/image\/","url":"https:\/\/www.sumoanalysis.com\/wp-content\/uploads\/2025\/09\/cropped-Adobe-Express-file.png","contentUrl":"https:\/\/www.sumoanalysis.com\/wp-content\/uploads\/2025\/09\/cropped-Adobe-Express-file.png","width":512,"height":512,"caption":"SumoAnalysis"},"image":{"@id":"https:\/\/www.sumoanalysis.com\/de\/#\/schema\/logo\/image\/"}}]}},"_links":{"self":[{"href":"https:\/\/www.sumoanalysis.com\/de\/wp-json\/wp\/v2\/pages\/4888","targetHints":{"allow":["GET"]}}],"collection":[{"href":"https:\/\/www.sumoanalysis.com\/de\/wp-json\/wp\/v2\/pages"}],"about":[{"href":"https:\/\/www.sumoanalysis.com\/de\/wp-json\/wp\/v2\/types\/page"}],"author":[{"embeddable":true,"href":"https:\/\/www.sumoanalysis.com\/de\/wp-json\/wp\/v2\/users\/1"}],"replies":[{"embeddable":true,"href":"https:\/\/www.sumoanalysis.com\/de\/wp-json\/wp\/v2\/comments?post=4888"}],"version-history":[{"count":10,"href":"https:\/\/www.sumoanalysis.com\/de\/wp-json\/wp\/v2\/pages\/4888\/revisions"}],"predecessor-version":[{"id":5752,"href":"https:\/\/www.sumoanalysis.com\/de\/wp-json\/wp\/v2\/pages\/4888\/revisions\/5752"}],"wp:attachment":[{"href":"https:\/\/www.sumoanalysis.com\/de\/wp-json\/wp\/v2\/media?parent=4888"}],"curies":[{"name":"wp","href":"https:\/\/api.w.org\/{rel}","templated":true}]}}