{"id":4929,"date":"2025-11-23T14:44:41","date_gmt":"2025-11-23T14:44:41","guid":{"rendered":"https:\/\/www.sumoanalysis.com\/multi-timeframe-trading\/"},"modified":"2026-02-07T20:22:10","modified_gmt":"2026-02-07T20:22:10","slug":"trading-en-multiples-marcos-de-tiempo","status":"publish","type":"page","link":"https:\/\/www.sumoanalysis.com\/es\/trading-en-multiples-marcos-de-tiempo\/","title":{"rendered":"Trading en m\u00faltiples marcos de tiempo"},"content":{"rendered":"\t\t<div data-elementor-type=\"wp-page\" data-elementor-id=\"4929\" class=\"elementor elementor-4929 elementor-2716\" data-elementor-settings=\"{&quot;ha_cmc_init_switcher&quot;:&quot;no&quot;}\" data-elementor-post-type=\"page\">\n\t\t\t\t<div class=\"elementor-element elementor-element-a8d2b85 e-flex e-con-boxed e-con e-parent\" data-id=\"a8d2b85\" data-element_type=\"container\" data-settings=\"{&quot;_ha_eqh_enable&quot;:false}\">\n\t\t\t\t\t<div class=\"e-con-inner\">\n\t\t\t\t<div class=\"elementor-element elementor-element-58753d8 elementor-widget elementor-widget-html\" data-id=\"58753d8\" data-element_type=\"widget\" data-widget_type=\"html.default\">\n\t\t\t\t\t<style>\n  :root {\n    --bg: #050509;\n    --bg-soft: #0b0b12;\n    --accent: #5cffc7;\n    --accent-soft: rgba(92, 255, 199, 0.12);\n    --text: #f5f5f7;\n    --muted: #9a9aa5;\n    --card-radius: 18px;\n    --card-border: 1px solid rgba(255,255,255,0.06);\n    --shadow-soft: 0 24px 60px rgba(0,0,0,0.6);\n    --max-width: 1120px;\n    --transition-fast: 180ms ease-out;\n    --font-main: system-ui, -apple-system, BlinkMacSystemFont, \"SF Pro Text\",\n      \"Segoe UI\", sans-serif;\n  }\n\n  *,\n  *::before,\n  *::after {\n    box-sizing: border-box;\n  }\n\n  body {\n    margin: 0;\n    min-height: 100vh;\n    font-family: var(--font-main);\n    background: radial-gradient(circle at top, #111325 0, #050509 60%);\n    background-size: 220% 220%;\n    animation: bgShift 20s ease-in-out infinite alternate;\n    color: var(--text);\n  }\n\n  @keyframes bgShift {\n    0% { background-position: 0% 20%; }\n    100% { background-position: 100% 80%; }\n  }\n\n  .page { min-height: 100vh; display: flex; flex-direction: column; }\n  main { flex: 1; }\n\n  .shell {\n    max-width: var(--max-width);\n    margin: 0 auto;\n    padding: 40px 20px 72px;\n  }\n\n  .eyebrow {\n    display: inline-flex;\n    align-items: center;\n    gap: 8px;\n    padding: 3px 10px;\n    border-radius: 999px;\n    background: rgba(255, 255, 255, 0.04);\n    border: 1px solid rgba(255, 255, 255, 0.08);\n    font-size: 0.7rem;\n    text-transform: uppercase;\n    letter-spacing: 0.12em;\n    color: var(--muted);\n    margin-bottom: 18px;\n  }\n\n  .eyebrow-dot {\n    width: 6px;\n    height: 6px;\n    border-radius: 999px;\n    background: var(--accent);\n    box-shadow: 0 0 0 4px var(--accent-soft);\n    animation: ping 1.8s ease-out infinite;\n  }\n\n  @keyframes ping {\n    0% { transform: scale(1); opacity: 1; }\n    70% { transform: scale(1.6); opacity: 0; }\n    100% { transform: scale(1.6); opacity: 0; }\n  }\n\n  .hero {\n    display: grid;\n    grid-template-columns: minmax(0, 2.1fr) minmax(0, 1.6fr);\n    gap: 36px;\n    margin-bottom: 56px;\n    align-items: center;\n  }\n\n  .hero h1 {\n    font-size: clamp(2.2rem, 3vw, 2.8rem);\n    margin: 0 0 14px;\n    letter-spacing: -0.03em;\n  }\n\n  .hero-lead {\n    margin: 0 0 18px;\n    color: var(--muted);\n    font-size: 0.98rem;\n    line-height: 1.65;\n  }\n\n  .hero-meta {\n    display: flex;\n    flex-wrap: wrap;\n    gap: 12px;\n    font-size: 0.8rem;\n    color: var(--muted);\n  }\n\n  .hero-badge {\n    padding: 6px 10px;\n    border-radius: 999px;\n    border: 1px solid rgba(255, 255, 255, 0.12);\n    background: rgba(6, 6, 10, 0.8);\n    transition: transform 0.25s ease-out, box-shadow 0.25s ease-out,\n      border-color 0.25s ease-out, background 0.25s ease-out;\n  }\n\n  .hero-badge:hover {\n    transform: translateY(-3px);\n    box-shadow: 0 14px 34px rgba(0, 0, 0, 0.9);\n    border-color: rgba(92, 255, 199, 0.6);\n    background: rgba(6, 6, 10, 0.95);\n  }\n\n  .hero-panel {\n    border-radius: 26px;\n    background: radial-gradient(circle at 0 0, #202040 0, #050509 55%);\n    border: 1px solid rgba(255, 255, 255, 0.06);\n    box-shadow: var(--shadow-soft);\n    padding: 20px 18px 18px;\n    position: relative;\n    overflow: hidden;\n    transform: translateY(0);\n    transition: transform 0.3s ease-out, box-shadow 0.3s ease-out,\n      border-color 0.3s ease-out, background 0.3s ease-out;\n  }\n\n  .hero-panel:hover {\n    transform: translateY(-8px);\n    box-shadow: 0 30px 80px rgba(0, 0, 0, 0.95);\n    border-color: rgba(92, 255, 199, 0.65);\n    background: radial-gradient(circle at 0 0, #273055 0, #050509 60%);\n  }\n\n  .hero-panel h2 { margin: 0 0 10px; font-size: 1rem; }\n  .hero-panel p { margin: 0 0 16px; font-size: 0.86rem; color: var(--muted); }\n\n  .grid {\n    display: grid;\n    grid-template-columns: repeat(3, minmax(0, 1fr));\n    gap: 16px;\n  }\n\n  .time-card {\n    border-radius: 18px;\n    border: 1px solid rgba(255, 255, 255, 0.08);\n    background: radial-gradient(circle at top, #15151e 0, #050509 70%);\n    padding: 18px 16px 16px;\n    box-shadow: var(--shadow-soft);\n    font-size: 0.86rem;\n    transform: translateY(0);\n    transition: transform 0.28s ease-out, box-shadow 0.28s ease-out,\n      border-color 0.28s ease-out, background 0.28s ease-out;\n  }\n\n  .time-card:hover {\n    transform: translateY(-8px);\n    border-color: rgba(92, 255, 199, 0.6);\n    box-shadow: 0 28px 70px rgba(0, 0, 0, 0.95);\n    background: radial-gradient(circle at top, #1b1c2b 0, #050509 70%);\n  }\n\n  .time-label {\n    font-size: 0.78rem;\n    text-transform: uppercase;\n    letter-spacing: 0.12em;\n    color: var(--muted);\n  }\n\n  .time-card h3 {\n    margin: 6px 0 8px;\n    font-size: 1rem;\n  }\n\n  .time-card p {\n    margin: 0;\n    color: var(--muted);\n    line-height: 1.6;\n  }\n\n  section { margin-bottom: 56px; transition: transform 0.35s ease-out; }\n  section:hover { transform: translateY(-3px); }\n\n  section h2 { font-size: 1.5rem; margin-bottom: 8px; letter-spacing: -0.02em; }\n\n  section > p.section-intro {\n    margin: 0 0 22px;\n    color: var(--muted);\n    font-size: 0.95rem;\n    max-width: 640px;\n  }\n\n  .split {\n    display: grid;\n    grid-template-columns: minmax(0, 1.4fr) minmax(0, 1.4fr);\n    gap: 28px;\n  }\n\n  .workflow {\n    border-radius: 18px;\n    border: 1px solid rgba(255, 255, 255, 0.08);\n    background: rgba(9, 9, 14, 0.9);\n    padding: 18px 16px 14px;\n    box-shadow: var(--shadow-soft);\n    font-size: 0.86rem;\n    transform: translateY(0);\n    transition: transform 0.28s ease-out, box-shadow 0.28s ease-out,\n      border-color 0.28s ease-out, background 0.28s ease-out;\n  }\n\n  .workflow:hover {\n    transform: translateY(-8px);\n    border-color: rgba(92, 255, 199, 0.5);\n    box-shadow: 0 26px 70px rgba(0, 0, 0, 0.95);\n    background: rgba(13, 15, 26, 0.98);\n  }\n\n  .workflow h3 { margin: 4px 0 8px; font-size: 1rem; }\n  .workflow p { margin: 0 0 10px; color: var(--muted); line-height: 1.6; }\n  .workflow ul { margin: 0; padding-left: 18px; color: var(--muted); }\n\n  @media (max-width: 860px) {\n    .hero { grid-template-columns: minmax(0, 1fr); }\n    .hero-panel { order: -1; }\n    .grid { grid-template-columns: minmax(0, 1fr); }\n    .split { grid-template-columns: minmax(0, 1fr); }\n  }\n<\/style>\n\n<div class=\"page\">\n  <main>\n    <div class=\"shell\">\n      <div class=\"eyebrow\">\n        <span class=\"eyebrow-dot\"><\/span> Trading Multi-Temporalidad\n      <\/div>\n\n      <section class=\"hero\">\n        <div>\n          <h1>Una estrategia, cinco marcos temporales. Opera el mercado a tu manera.<\/h1>\n          <p class=\"hero-lead\">\n            Desde scalps de 5 minutos hasta swings de 1 d\u00eda, los especialistas de marcos temporales de Sumo adaptan cada se\u00f1al\n            a tu forma de operar, no al rev\u00e9s.\n          <\/p>\n          <div class=\"hero-meta\">\n            <div class=\"hero-badge\">5m \u00b7 15m \u00b7 1h \u00b7 4h \u00b7 1d<\/div>\n            <div class=\"hero-badge\">Dise\u00f1ado para cualquier horario<\/div>\n          <\/div>\n        <\/div>\n\n        <aside class=\"hero-panel\">\n          <h2>Especialistas de marcos temporales<\/h2>\n          <p>\n            Elige el ritmo que se adapte a tu estilo de vida y Sumo presentar\u00e1 las ideas m\u00e1s relevantes\n            para ese horizonte.\n          <\/p>\n          <div class=\"grid\">\n            <div class=\"time-card\">\n              <span class=\"time-label\">5m \u00b7 15m<\/span>\n              <h3>Scalping y swings cortos<\/h3>\n              <p>Captura explosiones r\u00e1pidas de momentum con riesgo ajustado y salidas r\u00e1pidas para traders activos.<\/p>\n            <\/div>\n            <div class=\"time-card\">\n              <span class=\"time-label\">1h \u00b7 4h<\/span>\n              <h3>Intrad\u00eda equilibrado<\/h3>\n              <p>Combina movimiento intrad\u00eda con tendencias m\u00e1s estables para quienes revisan gr\u00e1ficos varias veces al d\u00eda.<\/p>\n            <\/div>\n            <div class=\"time-card\">\n              <span class=\"time-label\">1d<\/span>\n              <h3>Swings estrat\u00e9gicos<\/h3>\n              <p>Monta movimientos m\u00e1s grandes con menos decisiones, ideal para traders que no pueden estar frente a la pantalla.<\/p>\n            <\/div>\n          <\/div>\n        <\/aside>\n      <\/section>\n\n      <section>\n        <h2>Por qu\u00e9 la multi-temporalidad es importante<\/h2>\n        <p class=\"section-intro\">\n          Los mercados se comportan diferente en cada marco temporal. Sumo ejecuta l\u00f3gica dedicada para cada horizonte para que tus\n          entradas, stops y objetivos coincidan con la estructura que realmente est\u00e1s operando.\n        <\/p>\n        <div class=\"split\">\n          <div>\n            <div class=\"workflow\">\n              <h3>Respeta el panorama general<\/h3>\n              <p>\n                Sumo alinea las entradas de marcos temporales inferiores con las tendencias de marcos temporales superiores para evitar luchar contra el movimiento dominante.\n              <\/p>\n              <ul>\n                <li>Confirma setups a corto plazo contra el sesgo de tendencia de 4h y 1d.<\/li>\n                <li>Filtra se\u00f1ales que chocan con la estructura principal.<\/li>\n                <li>Mantente m\u00e1s a menudo en el lado correcto del momentum.<\/li>\n              <\/ul>\n            <\/div>\n          <\/div>\n          <div>\n            <div class=\"workflow\">\n              <h3>Opera seg\u00fan tu horario<\/h3>\n              <p>\n                Ya sea que est\u00e9s en el escritorio todo el d\u00eda o revises tu tel\u00e9fono entre tareas, Sumo se adapta al tiempo\n                que realmente tienes.\n              <\/p>\n              <ul>\n                <li>Scalpers activos: sigue alertas de 5m y 15m para oportunidades r\u00e1pidas.<\/li>\n                <li>Profesionales ocupados: enf\u00f3cate solo en se\u00f1ales de 1h, 4h y 1d.<\/li>\n                <li>Traders h\u00edbridos: mezcla horizontes para escalar entradas y salidas alrededor de una visi\u00f3n central.<\/li>\n              <\/ul>\n            <\/div>\n          <\/div>\n        <\/div>\n      <\/section>\n\n      <section>\n        <h2>Flujos de trabajo del mundo real<\/h2>\n        <p class=\"section-intro\">\n          Mira c\u00f3mo diferentes tipos de traders incorporan se\u00f1ales multi-temporales en su rutina diaria.\n        <\/p>\n        <div class=\"split\">\n          <div class=\"workflow\">\n            <h3>El trader con trabajo diario<\/h3>\n            <p>\n              Revisa Sumo por la ma\u00f1ana y la noche, enfoc\u00e1ndose en ideas de swing de 4h y 1d que no requieren atenci\u00f3n constante.\n            <\/p>\n            <ul>\n              <li>Escanea tendencias de 1d y entradas de 4h con el caf\u00e9.<\/li>\n              <li>Coloca \u00f3rdenes con TP\/SL predefinidos.<\/li>\n              <li>Revisa y ajusta una vez despu\u00e9s del trabajo.<\/li>\n            <\/ul>\n          <\/div>\n          <div class=\"workflow\">\n            <h3>El scalper intrad\u00eda activo<\/h3>\n            <p>\n              Vive de se\u00f1ales de 5m y 15m, usando alertas y bots para ejecutar r\u00e1pidamente mientras controla el riesgo.\n            <\/p>\n            <ul>\n              <li>Recibe alertas en tiempo real de corto horizonte.<\/li>\n              <li>Ejecuta con stops ajustados y salidas escalonadas.<\/li>\n              <li>Usa la direcci\u00f3n de 1h como filtro de marco temporal superior.<\/li>\n            <\/ul>\n          <\/div>\n        <\/div>\n      <\/section>\n          <!-- SHORTCODE SECTION - FULL WIDTH -->\n      <div style=\"width: 100%; margin-top: 32px;\">\n        <!-- Cryptocurrency Widgets PRO 3.9.4  !--><div class=\" style-1-2 ccpw-ticker-cont \" ><div class=\"tickercontainer\">    <div id=\"ccpw-ticker-1911\"><div class=\"ccpw_react_widget\" id=\"ccpw_react_widgets_1911929919177\" data-attribute={\"type\":\"ticker\",\"selected_currency\":\"USD\",\"custom_currency\":\"\",\"show_coins\":\"10\",\"design\":\"style-1\",\"MbFormating\":\"on\",\"live_changes\":\"on\",\"bg_color\":\"#000000\",\"display_changes\":\"on\",\"speed\":\"40\",\"ticker_position\":\"shortcode\",\"random_id\":\"1911929919177\"}><\/div><\/div><\/div><\/div><style type='text\/css'>\r\n\t\t\t\t   .tooltip-title,\r\n\t\t\t\t   .ToolTipPortal .changes ,\r\n\t\t\t\t   .tooltip-list-vol,\r\n\t\t\t\t   .tooltip-market_cap{color:#ffffff;}\r\n\t\t\t   \r\n\t\t\t    \t\r\n\t\t\t\t   .tickercontainer #ccpw-ticker-1911 {background-color:#000000;}\r\n\t\t\t\t   .tickercontainer #ccpw-ticker-1911 .ticker-name,\r\n\t\t\t\t   .tickercontainer #ccpw-ticker-1911 .ticker-symbol,\r\n\t\t\t\t   .tickercontainer #ccpw-ticker-1911 .live-pricing,\r\n\t\t\t\t   .tickercontainer #ccpw-ticker-1911  .ticker-price {color:#ffffff;}\r\n\t\t\t   <\/style>\n      <\/div>\n    <\/div>\n  <\/main>\n<\/div>\n\t\t\t\t<\/div>\n\t\t\t\t\t<\/div>\n\t\t\t\t<\/div>\n\t\t\t\t<\/div>\n\t\t","protected":false},"excerpt":{"rendered":"<p>Trading Multi-Temporalidad Una estrategia, cinco marcos temporales. Opera el mercado a tu manera. Desde scalps de 5 minutos hasta swings de 1 d\u00eda, los especialistas de marcos temporales de Sumo adaptan cada se\u00f1al a tu forma de operar, no al rev\u00e9s. 5m \u00b7 15m \u00b7 1h \u00b7 4h \u00b7 1d Dise\u00f1ado para cualquier horario Especialistas [&hellip;]<\/p>\n","protected":false},"author":1,"featured_media":0,"parent":0,"menu_order":0,"comment_status":"closed","ping_status":"closed","template":"","meta":{"_acf_changed":false,"_yoast_wpseo_focuskw":"","_yoast_wpseo_title":"","_yoast_wpseo_metadesc":"Analiza los mercados de criptomonedas en m\u00faltiples marcos de tiempo. Alinea el impulso a corto plazo con las tendencias a largo plazo utilizando las herramientas de trading en m\u00faltiples marcos de tiempo de Sumo Tradings.","footnotes":""},"class_list":["post-4929","page","type-page","status-publish","hentry"],"acf":[],"yoast_head":"<!-- This site is optimized with the Yoast SEO plugin v26.5 - https:\/\/yoast.com\/wordpress\/plugins\/seo\/ -->\n<title>Trading en m\u00faltiples marcos de tiempo - SumoAnalysis<\/title>\n<meta name=\"description\" content=\"Analiza los mercados de criptomonedas en m\u00faltiples marcos de tiempo. Alinea el impulso a corto plazo con las tendencias a largo plazo utilizando las herramientas de trading en m\u00faltiples marcos de tiempo de Sumo Tradings.\" \/>\n<meta name=\"robots\" content=\"index, follow, max-snippet:-1, max-image-preview:large, max-video-preview:-1\" \/>\n<link rel=\"canonical\" href=\"https:\/\/www.sumoanalysis.com\/es\/trading-en-multiples-marcos-de-tiempo\/\" \/>\n<meta property=\"og:locale\" content=\"es_ES\" \/>\n<meta property=\"og:type\" content=\"article\" \/>\n<meta property=\"og:title\" content=\"Trading en m\u00faltiples marcos de tiempo - SumoAnalysis\" \/>\n<meta property=\"og:description\" content=\"Analiza los mercados de criptomonedas en m\u00faltiples marcos de tiempo. Alinea el impulso a corto plazo con las tendencias a largo plazo utilizando las herramientas de trading en m\u00faltiples marcos de tiempo de Sumo Tradings.\" \/>\n<meta property=\"og:site_name\" content=\"SumoAnalysis\" \/>\n<meta property=\"article:modified_time\" content=\"2026-02-07T20:22:10+00:00\" \/>\n<meta name=\"twitter:card\" content=\"summary_large_image\" \/>\n<meta name=\"twitter:label1\" content=\"Tiempo de lectura\" \/>\n\t<meta name=\"twitter:data1\" content=\"2 minutos\" \/>\n<script type=\"application\/ld+json\" class=\"yoast-schema-graph\">{\"@context\":\"https:\/\/schema.org\",\"@graph\":[{\"@type\":\"WebPage\",\"@id\":\"https:\/\/www.sumoanalysis.com\/es\/trading-en-multiples-marcos-de-tiempo\/\",\"url\":\"https:\/\/www.sumoanalysis.com\/es\/trading-en-multiples-marcos-de-tiempo\/\",\"name\":\"Trading en m\u00faltiples marcos de tiempo - SumoAnalysis\",\"isPartOf\":{\"@id\":\"https:\/\/www.sumoanalysis.com\/es\/#website\"},\"datePublished\":\"2025-11-23T14:44:41+00:00\",\"dateModified\":\"2026-02-07T20:22:10+00:00\",\"description\":\"Analiza los mercados de criptomonedas en m\u00faltiples marcos de tiempo. Alinea el impulso a corto plazo con las tendencias a largo plazo utilizando las herramientas de trading en m\u00faltiples marcos de tiempo de Sumo Tradings.\",\"breadcrumb\":{\"@id\":\"https:\/\/www.sumoanalysis.com\/es\/trading-en-multiples-marcos-de-tiempo\/#breadcrumb\"},\"inLanguage\":\"es\",\"potentialAction\":[{\"@type\":\"ReadAction\",\"target\":[\"https:\/\/www.sumoanalysis.com\/es\/trading-en-multiples-marcos-de-tiempo\/\"]}]},{\"@type\":\"BreadcrumbList\",\"@id\":\"https:\/\/www.sumoanalysis.com\/es\/trading-en-multiples-marcos-de-tiempo\/#breadcrumb\",\"itemListElement\":[{\"@type\":\"ListItem\",\"position\":1,\"name\":\"Home\",\"item\":\"https:\/\/www.sumoanalysis.com\/es\/\"},{\"@type\":\"ListItem\",\"position\":2,\"name\":\"Trading en m\u00faltiples marcos de tiempo\"}]},{\"@type\":\"WebSite\",\"@id\":\"https:\/\/www.sumoanalysis.com\/es\/#website\",\"url\":\"https:\/\/www.sumoanalysis.com\/es\/\",\"name\":\"SumoAnalysis\",\"description\":\"Sumo Tradings Handles the Analysis. You Focus on Results.\",\"publisher\":{\"@id\":\"https:\/\/www.sumoanalysis.com\/es\/#organization\"},\"potentialAction\":[{\"@type\":\"SearchAction\",\"target\":{\"@type\":\"EntryPoint\",\"urlTemplate\":\"https:\/\/www.sumoanalysis.com\/es\/?s={search_term_string}\"},\"query-input\":{\"@type\":\"PropertyValueSpecification\",\"valueRequired\":true,\"valueName\":\"search_term_string\"}}],\"inLanguage\":\"es\"},{\"@type\":\"Organization\",\"@id\":\"https:\/\/www.sumoanalysis.com\/es\/#organization\",\"name\":\"SumoAnalysis\",\"url\":\"https:\/\/www.sumoanalysis.com\/es\/\",\"logo\":{\"@type\":\"ImageObject\",\"inLanguage\":\"es\",\"@id\":\"https:\/\/www.sumoanalysis.com\/es\/#\/schema\/logo\/image\/\",\"url\":\"https:\/\/www.sumoanalysis.com\/wp-content\/uploads\/2025\/09\/cropped-Adobe-Express-file.png\",\"contentUrl\":\"https:\/\/www.sumoanalysis.com\/wp-content\/uploads\/2025\/09\/cropped-Adobe-Express-file.png\",\"width\":512,\"height\":512,\"caption\":\"SumoAnalysis\"},\"image\":{\"@id\":\"https:\/\/www.sumoanalysis.com\/es\/#\/schema\/logo\/image\/\"}}]}<\/script>\n<!-- \/ Yoast SEO plugin. -->","yoast_head_json":{"title":"Trading en m\u00faltiples marcos de tiempo - SumoAnalysis","description":"Analiza los mercados de criptomonedas en m\u00faltiples marcos de tiempo. Alinea el impulso a corto plazo con las tendencias a largo plazo utilizando las herramientas de trading en m\u00faltiples marcos de tiempo de Sumo Tradings.","robots":{"index":"index","follow":"follow","max-snippet":"max-snippet:-1","max-image-preview":"max-image-preview:large","max-video-preview":"max-video-preview:-1"},"canonical":"https:\/\/www.sumoanalysis.com\/es\/trading-en-multiples-marcos-de-tiempo\/","og_locale":"es_ES","og_type":"article","og_title":"Trading en m\u00faltiples marcos de tiempo - SumoAnalysis","og_description":"Analiza los mercados de criptomonedas en m\u00faltiples marcos de tiempo. Alinea el impulso a corto plazo con las tendencias a largo plazo utilizando las herramientas de trading en m\u00faltiples marcos de tiempo de Sumo Tradings.","og_site_name":"SumoAnalysis","article_modified_time":"2026-02-07T20:22:10+00:00","twitter_card":"summary_large_image","twitter_misc":{"Tiempo de lectura":"2 minutos"},"schema":{"@context":"https:\/\/schema.org","@graph":[{"@type":"WebPage","@id":"https:\/\/www.sumoanalysis.com\/es\/trading-en-multiples-marcos-de-tiempo\/","url":"https:\/\/www.sumoanalysis.com\/es\/trading-en-multiples-marcos-de-tiempo\/","name":"Trading en m\u00faltiples marcos de tiempo - SumoAnalysis","isPartOf":{"@id":"https:\/\/www.sumoanalysis.com\/es\/#website"},"datePublished":"2025-11-23T14:44:41+00:00","dateModified":"2026-02-07T20:22:10+00:00","description":"Analiza los mercados de criptomonedas en m\u00faltiples marcos de tiempo. Alinea el impulso a corto plazo con las tendencias a largo plazo utilizando las herramientas de trading en m\u00faltiples marcos de tiempo de Sumo Tradings.","breadcrumb":{"@id":"https:\/\/www.sumoanalysis.com\/es\/trading-en-multiples-marcos-de-tiempo\/#breadcrumb"},"inLanguage":"es","potentialAction":[{"@type":"ReadAction","target":["https:\/\/www.sumoanalysis.com\/es\/trading-en-multiples-marcos-de-tiempo\/"]}]},{"@type":"BreadcrumbList","@id":"https:\/\/www.sumoanalysis.com\/es\/trading-en-multiples-marcos-de-tiempo\/#breadcrumb","itemListElement":[{"@type":"ListItem","position":1,"name":"Home","item":"https:\/\/www.sumoanalysis.com\/es\/"},{"@type":"ListItem","position":2,"name":"Trading en m\u00faltiples marcos de tiempo"}]},{"@type":"WebSite","@id":"https:\/\/www.sumoanalysis.com\/es\/#website","url":"https:\/\/www.sumoanalysis.com\/es\/","name":"SumoAnalysis","description":"Sumo Tradings Handles the Analysis. You Focus on Results.","publisher":{"@id":"https:\/\/www.sumoanalysis.com\/es\/#organization"},"potentialAction":[{"@type":"SearchAction","target":{"@type":"EntryPoint","urlTemplate":"https:\/\/www.sumoanalysis.com\/es\/?s={search_term_string}"},"query-input":{"@type":"PropertyValueSpecification","valueRequired":true,"valueName":"search_term_string"}}],"inLanguage":"es"},{"@type":"Organization","@id":"https:\/\/www.sumoanalysis.com\/es\/#organization","name":"SumoAnalysis","url":"https:\/\/www.sumoanalysis.com\/es\/","logo":{"@type":"ImageObject","inLanguage":"es","@id":"https:\/\/www.sumoanalysis.com\/es\/#\/schema\/logo\/image\/","url":"https:\/\/www.sumoanalysis.com\/wp-content\/uploads\/2025\/09\/cropped-Adobe-Express-file.png","contentUrl":"https:\/\/www.sumoanalysis.com\/wp-content\/uploads\/2025\/09\/cropped-Adobe-Express-file.png","width":512,"height":512,"caption":"SumoAnalysis"},"image":{"@id":"https:\/\/www.sumoanalysis.com\/es\/#\/schema\/logo\/image\/"}}]}},"_links":{"self":[{"href":"https:\/\/www.sumoanalysis.com\/es\/wp-json\/wp\/v2\/pages\/4929","targetHints":{"allow":["GET"]}}],"collection":[{"href":"https:\/\/www.sumoanalysis.com\/es\/wp-json\/wp\/v2\/pages"}],"about":[{"href":"https:\/\/www.sumoanalysis.com\/es\/wp-json\/wp\/v2\/types\/page"}],"author":[{"embeddable":true,"href":"https:\/\/www.sumoanalysis.com\/es\/wp-json\/wp\/v2\/users\/1"}],"replies":[{"embeddable":true,"href":"https:\/\/www.sumoanalysis.com\/es\/wp-json\/wp\/v2\/comments?post=4929"}],"version-history":[{"count":7,"href":"https:\/\/www.sumoanalysis.com\/es\/wp-json\/wp\/v2\/pages\/4929\/revisions"}],"predecessor-version":[{"id":5828,"href":"https:\/\/www.sumoanalysis.com\/es\/wp-json\/wp\/v2\/pages\/4929\/revisions\/5828"}],"wp:attachment":[{"href":"https:\/\/www.sumoanalysis.com\/es\/wp-json\/wp\/v2\/media?parent=4929"}],"curies":[{"name":"wp","href":"https:\/\/api.w.org\/{rel}","templated":true}]}}