{"id":4971,"date":"2025-11-23T14:49:06","date_gmt":"2025-11-23T14:49:06","guid":{"rendered":"https:\/\/www.sumoanalysis.com\/tp-sl-optimization\/"},"modified":"2026-02-07T19:50:01","modified_gmt":"2026-02-07T19:50:01","slug":"ottimizzazione-tp-sl","status":"publish","type":"page","link":"https:\/\/www.sumoanalysis.com\/it\/ottimizzazione-tp-sl\/","title":{"rendered":"Ottimizzazione TP \/ SL"},"content":{"rendered":"\t\t<div data-elementor-type=\"wp-page\" data-elementor-id=\"4971\" class=\"elementor elementor-4971 elementor-2721\" data-elementor-settings=\"{&quot;ha_cmc_init_switcher&quot;:&quot;no&quot;}\" data-elementor-post-type=\"page\">\n\t\t\t\t<div class=\"elementor-element elementor-element-70df3f5 e-flex e-con-boxed e-con e-parent\" data-id=\"70df3f5\" data-element_type=\"container\" data-settings=\"{&quot;_ha_eqh_enable&quot;:false}\">\n\t\t\t\t\t<div class=\"e-con-inner\">\n\t\t\t\t<div class=\"elementor-element elementor-element-7fdc3dc elementor-widget elementor-widget-html\" data-id=\"7fdc3dc\" data-element_type=\"widget\" data-widget_type=\"html.default\">\n\t\t\t\t\t<style>\n  :root {\n    --bg: #050509;\n    --bg-soft: #0b0b12;\n    --accent: #5cffc7;\n    --accent-soft: rgba(92, 255, 199, 0.12);\n    --text: #f5f5f7;\n    --muted: #9a9aa5;\n    --card-radius: 18px;\n    --card-border: 1px solid rgba(255,255,255,0.06);\n    --shadow-soft: 0 24px 60px rgba(0,0,0,0.6);\n    --max-width: 1120px;\n    --transition-fast: 180ms ease-out;\n    --font-main: system-ui, -apple-system, BlinkMacSystemFont, \"SF Pro Text\",\n      \"Segoe UI\", sans-serif;\n  }\n\n  *,\n  *::before,\n  *::after {\n    box-sizing: border-box;\n  }\n\n  body {\n    margin: 0;\n    min-height: 100vh;\n    font-family: var(--font-main);\n    background: radial-gradient(circle at top, #111325 0, #050509 60%);\n    background-size: 210% 210%;\n    animation: bgShift 19s ease-in-out infinite alternate;\n    color: var(--text);\n  }\n\n  @keyframes bgShift {\n    0% { background-position: 10% 0%; }\n    100% { background-position: 90% 100%; }\n  }\n\n  .page { min-height: 100vh; display: flex; flex-direction: column; }\n  main { flex: 1; }\n\n  .shell {\n    max-width: var(--max-width);\n    margin: 0 auto;\n    padding: 40px 20px 72px;\n  }\n\n  .eyebrow {\n    display: inline-flex;\n    align-items: center;\n    gap: 8px;\n    padding: 3px 10px;\n    border-radius: 999px;\n    background: rgba(255, 255, 255, 0.04);\n    border: 1px solid rgba(255, 255, 255, 0.08);\n    font-size: 0.7rem;\n    text-transform: uppercase;\n    letter-spacing: 0.12em;\n    color: var(--muted);\n    margin-bottom: 18px;\n  }\n\n  .eyebrow-dot {\n    width: 6px;\n    height: 6px;\n    border-radius: 999px;\n    background: var(--accent);\n    box-shadow: 0 0 0 4px var(--accent-soft);\n    animation: ping 1.8s ease-out infinite;\n  }\n\n  @keyframes ping {\n    0% { transform: scale(1); opacity: 1; }\n    70% { transform: scale(1.6); opacity: 0; }\n    100% { transform: scale(1.6); opacity: 0; }\n  }\n\n  .hero {\n    display: grid;\n    grid-template-columns: minmax(0, 2.1fr) minmax(0, 1.6fr);\n    gap: 36px;\n    margin-bottom: 56px;\n    align-items: center;\n  }\n\n  .hero h1 {\n    font-size: clamp(2.2rem, 3vw, 2.8rem);\n    margin: 0 0 14px;\n    letter-spacing: -0.03em;\n  }\n\n  .hero-lead {\n    margin: 0 0 18px;\n    color: var(--muted);\n    font-size: 0.98rem;\n    line-height: 1.65;\n  }\n\n  .hero-meta {\n    display: flex;\n    flex-wrap: wrap;\n    gap: 12px;\n    font-size: 0.8rem;\n    color: var(--muted);\n  }\n\n  .hero-badge {\n    padding: 6px 10px;\n    border-radius: 999px;\n    border: 1px solid rgba(255, 255, 255, 0.12);\n    background: rgba(6, 6, 10, 0.8);\n    transition: transform 0.25s ease-out, box-shadow 0.25s ease-out,\n      border-color 0.25s ease-out, background 0.25s ease-out;\n  }\n\n  .hero-badge:hover {\n    transform: translateY(-3px);\n    box-shadow: 0 14px 34px rgba(0, 0, 0, 0.9);\n    border-color: rgba(92, 255, 199, 0.6);\n    background: rgba(6, 6, 10, 0.95);\n  }\n\n  .hero-panel {\n    border-radius: 26px;\n    background: radial-gradient(circle at 0 0, #202040 0, #050509 55%);\n    border: 1px solid rgba(255, 255, 255, 0.06);\n    box-shadow: var(--shadow-soft);\n    padding: 20px 18px 18px;\n    position: relative;\n    overflow: hidden;\n    transform: translateY(0);\n    transition: transform 0.3s ease-out, box-shadow 0.3s ease-out,\n      border-color 0.3s ease-out, background 0.3s ease-out;\n  }\n\n  .hero-panel:hover {\n    transform: translateY(-8px);\n    box-shadow: 0 30px 80px rgba(0, 0, 0, 0.95);\n    border-color: rgba(92, 255, 199, 0.65);\n    background: radial-gradient(circle at 0 0, #273055 0, #050509 60%);\n  }\n\n  .hero-panel h2 { margin: 0 0 10px; font-size: 1rem; }\n  .hero-panel p { margin: 0 0 16px; font-size: 0.86rem; color: var(--muted); }\n\n  .signal-grid {\n    display: grid;\n    grid-template-columns: minmax(0, 1.4fr) minmax(0, 1.4fr);\n    gap: 16px;\n  }\n\n  .mini-card {\n    border-radius: 16px;\n    border: 1px solid rgba(255, 255, 255, 0.08);\n    background: rgba(9, 9, 14, 0.92);\n    padding: 14px 12px 12px;\n    font-size: 0.84rem;\n    color: var(--muted);\n    transform: translateY(0);\n    transition: transform 0.25s ease-out, box-shadow 0.25s ease-out,\n      border-color 0.25s ease-out, background 0.25s ease-out;\n  }\n\n  .mini-card:hover {\n    transform: translateY(-6px);\n    border-color: rgba(92, 255, 199, 0.5);\n    box-shadow: 0 24px 60px rgba(0, 0, 0, 0.9);\n    background: rgba(13, 15, 26, 0.98);\n  }\n\n  .mini-card strong {\n    display: block;\n    margin-bottom: 4px;\n    color: var(--text);\n  }\n\n  section { margin-bottom: 56px; transition: transform 0.35s ease-out; }\n  section:hover { transform: translateY(-3px); }\n\n  section h2 { font-size: 1.5rem; margin-bottom: 8px; letter-spacing: -0.02em; }\n\n  section > p.section-intro {\n    margin: 0 0 22px;\n    color: var(--muted);\n    font-size: 0.95rem;\n    max-width: 640px;\n  }\n\n  .split {\n    display: grid;\n    grid-template-columns: minmax(0, 1.4fr) minmax(0, 1.4fr);\n    gap: 28px;\n  }\n\n  .workflow {\n    border-radius: 18px;\n    border: 1px solid rgba(255, 255, 255, 0.08);\n    background: rgba(9, 9, 14, 0.9);\n    padding: 18px 16px 14px;\n    box-shadow: var(--shadow-soft);\n    font-size: 0.86rem;\n    transform: translateY(0);\n    transition: transform 0.28s ease-out, box-shadow 0.28s ease-out,\n      border-color 0.28s ease-out, background 0.28s ease-out;\n  }\n\n  .workflow:hover {\n    transform: translateY(-8px);\n    border-color: rgba(92, 255, 199, 0.5);\n    box-shadow: 0 26px 70px rgba(0, 0, 0, 0.95);\n    background: rgba(13, 15, 26, 0.98);\n  }\n\n  .workflow h3 { margin: 4px 0 8px; font-size: 1rem; }\n  .workflow p { margin: 0 0 10px; color: var(--muted); line-height: 1.6; }\n  .workflow ul { margin: 0; padding-left: 18px; color: var(--muted); }\n\n  @media (max-width: 860px) {\n    .hero { grid-template-columns: minmax(0, 1fr); }\n    .hero-panel { order: -1; }\n    .signal-grid { grid-template-columns: minmax(0, 1fr); }\n    .split { grid-template-columns: minmax(0, 1fr); }\n  }\n<\/style>\n\n<div class=\"page\">\n  <main>\n    <div class=\"shell\">\n      <div class=\"eyebrow\">\n        <span class=\"eyebrow-dot\"><\/span> Ottimizzazione TP \/ SL\n      <\/div>\n\n      <section class=\"hero\">\n        <div>\n          <h1>Livelli TP &amp; SL intelligenti che proteggono il tuo capitale.<\/h1>\n          <p class=\"hero-lead\">\n            Ogni segnale Sumo viene fornito con livelli di take-profit e stop-loss calcolati dall'IA,\n            costruiti sulla volatilit\u00e0 e struttura invece che su supposizioni.\n          <\/p>\n          <div class=\"hero-meta\">\n            <div class=\"hero-badge\">Piani di trading strutturati<\/div>\n            <div class=\"hero-badge\">Rischio conservativo per design<\/div>\n          <\/div>\n        <\/div>\n\n        <aside class=\"hero-panel\">\n          <h2>Dentro un piano di trading Sumo<\/h2>\n          <p>Entrate, uscite e rischio sono progettati insieme in modo che ogni posizione abbia un compito chiaro.<\/p>\n          <div class=\"signal-grid\">\n            <div class=\"mini-card\">\n              <strong>Zona di entrata<\/strong>\n              Range di prezzo stretti calibrati sulla volatilit\u00e0 recente e liquidit\u00e0.\n            <\/div>\n            <div class=\"mini-card\">\n              <strong>Stop-loss iniziale<\/strong>\n              Posizionato oltre la struttura chiave e le bande ATR per ridurre gli stop casuali.\n            <\/div>\n            <div class=\"mini-card\">\n              <strong>Take-profit a livelli<\/strong>\n              Molteplici livelli TP per poter assicurare profitti parziali lasciando correre i vincitori.\n            <\/div>\n            <div class=\"mini-card\">\n              <strong>Guida al dimensionamento del rischio<\/strong>\n              Rischio per trade suggerito per mantenere sotto controllo la tua esposizione complessiva.\n            <\/div>\n          <\/div>\n        <\/aside>\n      <\/section>\n\n      <section>\n        <h2>Perch\u00e9 la maggior parte dei trader perde \u2013 e come Sumo aiuta<\/h2>\n        <p class=\"section-intro\">\n          La direzione \u00e8 solo met\u00e0 della battaglia. Uscite scadenti e stop casuali sono ci\u00f2 che prosciuga la maggior parte dei conti.\n          Sumo integra la gestione del rischio nel segnale stesso.\n        <\/p>\n        <div class=\"split\">\n          <div class=\"workflow\">\n            <h3>Da supposizione a struttura<\/h3>\n            <p>\n              Invece di stimare a occhio livelli \"ragionevoli\", Sumo usa ATR, supporti\/resistenze\n              e condizioni live per modellare ogni TP e SL.\n            <\/p>\n            <ul>\n              <li>Stop dimensionati alla volatilit\u00e0, non all'emozione.<\/li>\n              <li>Target allineati con zone di estensione realistiche.<\/li>\n              <li>Rapporto rischio-rendimento calibrato per ogni timeframe.<\/li>\n            <\/ul>\n          <\/div>\n          <div class=\"workflow\">\n            <h3>Resta in gioco pi\u00f9 a lungo<\/h3>\n            <p>\n              L'obiettivo non \u00e8 vincere ogni trade \u2013 \u00e8 mantenerti attivo nel trading con una curva di conto sana.\n            <\/p>\n            <ul>\n              <li>Impostazioni conservative per limitare il drawdown giornaliero e settimanale.<\/li>\n              <li>Uscite parziali per bloccare il profitto prima che il trend si inverta.<\/li>\n              <li>Opzioni per logiche di trailing avanzate man mano che crescono le tue competenze.<\/li>\n            <\/ul>\n          <\/div>\n        <\/div>\n      <\/section>\n\n      <section>\n        <h2>Costruito per ogni fase del tuo percorso di trading<\/h2>\n        <p class=\"section-intro\">\n          Trader diversi necessitano di livelli diversi di guida. Il framework TP\/SL di Sumo si adatta da plug-and-play\n          a completamente personalizzabile.\n        <\/p>\n        <div class=\"split\">\n          <div class=\"workflow\">\n            <h3>Principianti<\/h3>\n            <p>\n              Segui piani di trading completi pronti all'uso mentre impari perch\u00e9 ogni livello si trova dove si trova.\n            <\/p>\n            <ul>\n              <li>Entrate, stop e target pronti da copiare.<\/li>\n              <li>Riduci le decisioni emotive sotto pressione.<\/li>\n              <li>Impara il posizionamento osservando il sistema in azione.<\/li>\n            <\/ul>\n          <\/div>\n          <div class=\"workflow\">\n            <h3>Trader sistematici &amp; avanzati<\/h3>\n            <p>\n              Usa la logica TP\/SL di Sumo come spina dorsale per i tuoi bot e set di regole, o come seconda opinione sui tuoi livelli.\n            <\/p>\n            <ul>\n              <li>Incorpora i livelli via API nei sistemi personalizzati.<\/li>\n              <li>Combina i tuoi filtri con le strutture di Sumo.<\/li>\n              <li>Testa nuove idee senza partire da zero.<\/li>\n            <\/ul>\n          <\/div>\n        <\/div>\n      <\/section>\n          <!-- SHORTCODE SECTION - FULL WIDTH -->\n      <div style=\"width: 100%; margin-top: 32px;\">\n        <!-- Cryptocurrency Widgets PRO 3.9.4  !--><div class=\" style-1-2 ccpw-ticker-cont \" ><div class=\"tickercontainer\">    <div id=\"ccpw-ticker-1911\"><div class=\"ccpw_react_widget\" id=\"ccpw_react_widgets_19111627948318\" data-attribute={\"type\":\"ticker\",\"selected_currency\":\"USD\",\"custom_currency\":\"\",\"show_coins\":\"10\",\"design\":\"style-1\",\"MbFormating\":\"on\",\"live_changes\":\"on\",\"bg_color\":\"#000000\",\"display_changes\":\"on\",\"speed\":\"40\",\"ticker_position\":\"shortcode\",\"random_id\":\"19111627948318\"}><\/div><\/div><\/div><\/div><style type='text\/css'>\r\n\t\t\t\t   .tooltip-title,\r\n\t\t\t\t   .ToolTipPortal .changes ,\r\n\t\t\t\t   .tooltip-list-vol,\r\n\t\t\t\t   .tooltip-market_cap{color:#ffffff;}\r\n\t\t\t   \r\n\t\t\t    \t\r\n\t\t\t\t   .tickercontainer #ccpw-ticker-1911 {background-color:#000000;}\r\n\t\t\t\t   .tickercontainer #ccpw-ticker-1911 .ticker-name,\r\n\t\t\t\t   .tickercontainer #ccpw-ticker-1911 .ticker-symbol,\r\n\t\t\t\t   .tickercontainer #ccpw-ticker-1911 .live-pricing,\r\n\t\t\t\t   .tickercontainer #ccpw-ticker-1911  .ticker-price {color:#ffffff;}\r\n\t\t\t   <\/style>\n      <\/div>\n    <\/div>\n  <\/main>\n<\/div>\n\t\t\t\t<\/div>\n\t\t\t\t\t<\/div>\n\t\t\t\t<\/div>\n\t\t\t\t<\/div>\n\t\t","protected":false},"excerpt":{"rendered":"<p>Ottimizzazione TP \/ SL Livelli TP &amp; SL intelligenti che proteggono il tuo capitale. Ogni segnale Sumo viene fornito con livelli di take-profit e stop-loss calcolati dall&#8217;IA, costruiti sulla volatilit\u00e0 e struttura invece che su supposizioni. Piani di trading strutturati Rischio conservativo per design Dentro un piano di trading Sumo Entrate, uscite e rischio sono [&hellip;]<\/p>\n","protected":false},"author":1,"featured_media":0,"parent":0,"menu_order":0,"comment_status":"closed","ping_status":"closed","template":"","meta":{"_acf_changed":false,"_yoast_wpseo_focuskw":"","_yoast_wpseo_title":"","_yoast_wpseo_metadesc":"Ottimizza i tuoi livelli di Take Profit e Stop Loss con l\u2019analisi guidata dall\u2019AI. Proteggi il tuo capitale e gestisci il rischio in modo efficace con Sumo Tradings.","footnotes":""},"class_list":["post-4971","page","type-page","status-publish","hentry"],"acf":[],"yoast_head":"<!-- This site is optimized with the Yoast SEO plugin v26.5 - https:\/\/yoast.com\/wordpress\/plugins\/seo\/ -->\n<title>Ottimizzazione TP \/ SL - SumoAnalysis<\/title>\n<meta name=\"description\" content=\"Ottimizza i tuoi livelli di Take Profit e Stop Loss con l\u2019analisi guidata dall\u2019AI. Proteggi il tuo capitale e gestisci il rischio in modo efficace con Sumo Tradings.\" \/>\n<meta name=\"robots\" content=\"index, follow, max-snippet:-1, max-image-preview:large, max-video-preview:-1\" \/>\n<link rel=\"canonical\" href=\"https:\/\/www.sumoanalysis.com\/it\/ottimizzazione-tp-sl\/\" \/>\n<meta property=\"og:locale\" content=\"it_IT\" \/>\n<meta property=\"og:type\" content=\"article\" \/>\n<meta property=\"og:title\" content=\"Ottimizzazione TP \/ SL - SumoAnalysis\" \/>\n<meta property=\"og:description\" content=\"Ottimizza i tuoi livelli di Take Profit e Stop Loss con l\u2019analisi guidata dall\u2019AI. Proteggi il tuo capitale e gestisci il rischio in modo efficace con Sumo Tradings.\" \/>\n<meta property=\"og:site_name\" content=\"SumoAnalysis\" \/>\n<meta property=\"article:modified_time\" content=\"2026-02-07T19:50:01+00:00\" \/>\n<meta name=\"twitter:card\" content=\"summary_large_image\" \/>\n<meta name=\"twitter:label1\" content=\"Tempo di lettura stimato\" \/>\n\t<meta name=\"twitter:data1\" content=\"2 minuti\" \/>\n<script type=\"application\/ld+json\" class=\"yoast-schema-graph\">{\"@context\":\"https:\/\/schema.org\",\"@graph\":[{\"@type\":\"WebPage\",\"@id\":\"https:\/\/www.sumoanalysis.com\/it\/ottimizzazione-tp-sl\/\",\"url\":\"https:\/\/www.sumoanalysis.com\/it\/ottimizzazione-tp-sl\/\",\"name\":\"Ottimizzazione TP \/ SL - SumoAnalysis\",\"isPartOf\":{\"@id\":\"https:\/\/www.sumoanalysis.com\/it\/#website\"},\"datePublished\":\"2025-11-23T14:49:06+00:00\",\"dateModified\":\"2026-02-07T19:50:01+00:00\",\"description\":\"Ottimizza i tuoi livelli di Take Profit e Stop Loss con l\u2019analisi guidata dall\u2019AI. Proteggi il tuo capitale e gestisci il rischio in modo efficace con Sumo Tradings.\",\"breadcrumb\":{\"@id\":\"https:\/\/www.sumoanalysis.com\/it\/ottimizzazione-tp-sl\/#breadcrumb\"},\"inLanguage\":\"it-IT\",\"potentialAction\":[{\"@type\":\"ReadAction\",\"target\":[\"https:\/\/www.sumoanalysis.com\/it\/ottimizzazione-tp-sl\/\"]}]},{\"@type\":\"BreadcrumbList\",\"@id\":\"https:\/\/www.sumoanalysis.com\/it\/ottimizzazione-tp-sl\/#breadcrumb\",\"itemListElement\":[{\"@type\":\"ListItem\",\"position\":1,\"name\":\"Home\",\"item\":\"https:\/\/www.sumoanalysis.com\/it\/\"},{\"@type\":\"ListItem\",\"position\":2,\"name\":\"Ottimizzazione TP \/ SL\"}]},{\"@type\":\"WebSite\",\"@id\":\"https:\/\/www.sumoanalysis.com\/it\/#website\",\"url\":\"https:\/\/www.sumoanalysis.com\/it\/\",\"name\":\"SumoAnalysis\",\"description\":\"Sumo Tradings Handles the Analysis. You Focus on Results.\",\"publisher\":{\"@id\":\"https:\/\/www.sumoanalysis.com\/it\/#organization\"},\"potentialAction\":[{\"@type\":\"SearchAction\",\"target\":{\"@type\":\"EntryPoint\",\"urlTemplate\":\"https:\/\/www.sumoanalysis.com\/it\/?s={search_term_string}\"},\"query-input\":{\"@type\":\"PropertyValueSpecification\",\"valueRequired\":true,\"valueName\":\"search_term_string\"}}],\"inLanguage\":\"it-IT\"},{\"@type\":\"Organization\",\"@id\":\"https:\/\/www.sumoanalysis.com\/it\/#organization\",\"name\":\"SumoAnalysis\",\"url\":\"https:\/\/www.sumoanalysis.com\/it\/\",\"logo\":{\"@type\":\"ImageObject\",\"inLanguage\":\"it-IT\",\"@id\":\"https:\/\/www.sumoanalysis.com\/it\/#\/schema\/logo\/image\/\",\"url\":\"https:\/\/www.sumoanalysis.com\/wp-content\/uploads\/2025\/09\/cropped-Adobe-Express-file.png\",\"contentUrl\":\"https:\/\/www.sumoanalysis.com\/wp-content\/uploads\/2025\/09\/cropped-Adobe-Express-file.png\",\"width\":512,\"height\":512,\"caption\":\"SumoAnalysis\"},\"image\":{\"@id\":\"https:\/\/www.sumoanalysis.com\/it\/#\/schema\/logo\/image\/\"}}]}<\/script>\n<!-- \/ Yoast SEO plugin. -->","yoast_head_json":{"title":"Ottimizzazione TP \/ SL - SumoAnalysis","description":"Ottimizza i tuoi livelli di Take Profit e Stop Loss con l\u2019analisi guidata dall\u2019AI. Proteggi il tuo capitale e gestisci il rischio in modo efficace con Sumo Tradings.","robots":{"index":"index","follow":"follow","max-snippet":"max-snippet:-1","max-image-preview":"max-image-preview:large","max-video-preview":"max-video-preview:-1"},"canonical":"https:\/\/www.sumoanalysis.com\/it\/ottimizzazione-tp-sl\/","og_locale":"it_IT","og_type":"article","og_title":"Ottimizzazione TP \/ SL - SumoAnalysis","og_description":"Ottimizza i tuoi livelli di Take Profit e Stop Loss con l\u2019analisi guidata dall\u2019AI. Proteggi il tuo capitale e gestisci il rischio in modo efficace con Sumo Tradings.","og_site_name":"SumoAnalysis","article_modified_time":"2026-02-07T19:50:01+00:00","twitter_card":"summary_large_image","twitter_misc":{"Tempo di lettura stimato":"2 minuti"},"schema":{"@context":"https:\/\/schema.org","@graph":[{"@type":"WebPage","@id":"https:\/\/www.sumoanalysis.com\/it\/ottimizzazione-tp-sl\/","url":"https:\/\/www.sumoanalysis.com\/it\/ottimizzazione-tp-sl\/","name":"Ottimizzazione TP \/ SL - SumoAnalysis","isPartOf":{"@id":"https:\/\/www.sumoanalysis.com\/it\/#website"},"datePublished":"2025-11-23T14:49:06+00:00","dateModified":"2026-02-07T19:50:01+00:00","description":"Ottimizza i tuoi livelli di Take Profit e Stop Loss con l\u2019analisi guidata dall\u2019AI. Proteggi il tuo capitale e gestisci il rischio in modo efficace con Sumo Tradings.","breadcrumb":{"@id":"https:\/\/www.sumoanalysis.com\/it\/ottimizzazione-tp-sl\/#breadcrumb"},"inLanguage":"it-IT","potentialAction":[{"@type":"ReadAction","target":["https:\/\/www.sumoanalysis.com\/it\/ottimizzazione-tp-sl\/"]}]},{"@type":"BreadcrumbList","@id":"https:\/\/www.sumoanalysis.com\/it\/ottimizzazione-tp-sl\/#breadcrumb","itemListElement":[{"@type":"ListItem","position":1,"name":"Home","item":"https:\/\/www.sumoanalysis.com\/it\/"},{"@type":"ListItem","position":2,"name":"Ottimizzazione TP \/ SL"}]},{"@type":"WebSite","@id":"https:\/\/www.sumoanalysis.com\/it\/#website","url":"https:\/\/www.sumoanalysis.com\/it\/","name":"SumoAnalysis","description":"Sumo Tradings Handles the Analysis. You Focus on Results.","publisher":{"@id":"https:\/\/www.sumoanalysis.com\/it\/#organization"},"potentialAction":[{"@type":"SearchAction","target":{"@type":"EntryPoint","urlTemplate":"https:\/\/www.sumoanalysis.com\/it\/?s={search_term_string}"},"query-input":{"@type":"PropertyValueSpecification","valueRequired":true,"valueName":"search_term_string"}}],"inLanguage":"it-IT"},{"@type":"Organization","@id":"https:\/\/www.sumoanalysis.com\/it\/#organization","name":"SumoAnalysis","url":"https:\/\/www.sumoanalysis.com\/it\/","logo":{"@type":"ImageObject","inLanguage":"it-IT","@id":"https:\/\/www.sumoanalysis.com\/it\/#\/schema\/logo\/image\/","url":"https:\/\/www.sumoanalysis.com\/wp-content\/uploads\/2025\/09\/cropped-Adobe-Express-file.png","contentUrl":"https:\/\/www.sumoanalysis.com\/wp-content\/uploads\/2025\/09\/cropped-Adobe-Express-file.png","width":512,"height":512,"caption":"SumoAnalysis"},"image":{"@id":"https:\/\/www.sumoanalysis.com\/it\/#\/schema\/logo\/image\/"}}]}},"_links":{"self":[{"href":"https:\/\/www.sumoanalysis.com\/it\/wp-json\/wp\/v2\/pages\/4971","targetHints":{"allow":["GET"]}}],"collection":[{"href":"https:\/\/www.sumoanalysis.com\/it\/wp-json\/wp\/v2\/pages"}],"about":[{"href":"https:\/\/www.sumoanalysis.com\/it\/wp-json\/wp\/v2\/types\/page"}],"author":[{"embeddable":true,"href":"https:\/\/www.sumoanalysis.com\/it\/wp-json\/wp\/v2\/users\/1"}],"replies":[{"embeddable":true,"href":"https:\/\/www.sumoanalysis.com\/it\/wp-json\/wp\/v2\/comments?post=4971"}],"version-history":[{"count":5,"href":"https:\/\/www.sumoanalysis.com\/it\/wp-json\/wp\/v2\/pages\/4971\/revisions"}],"predecessor-version":[{"id":5776,"href":"https:\/\/www.sumoanalysis.com\/it\/wp-json\/wp\/v2\/pages\/4971\/revisions\/5776"}],"wp:attachment":[{"href":"https:\/\/www.sumoanalysis.com\/it\/wp-json\/wp\/v2\/media?parent=4971"}],"curies":[{"name":"wp","href":"https:\/\/api.w.org\/{rel}","templated":true}]}}