{"id":5092,"date":"2025-12-07T10:41:30","date_gmt":"2025-12-07T10:41:30","guid":{"rendered":"https:\/\/www.sumoanalysis.com\/trading-signals\/"},"modified":"2026-02-07T19:50:26","modified_gmt":"2026-02-07T19:50:26","slug":"segnali-di-trading","status":"publish","type":"page","link":"https:\/\/www.sumoanalysis.com\/it\/segnali-di-trading\/","title":{"rendered":"Signaux trading"},"content":{"rendered":"\t\t<div data-elementor-type=\"wp-page\" data-elementor-id=\"5092\" class=\"elementor elementor-5092 elementor-3422\" data-elementor-settings=\"{&quot;ha_cmc_init_switcher&quot;:&quot;no&quot;}\" data-elementor-post-type=\"page\">\n\t\t\t\t<div class=\"elementor-element elementor-element-d42e860 e-flex e-con-boxed e-con e-parent\" data-id=\"d42e860\" data-element_type=\"container\" data-settings=\"{&quot;_ha_eqh_enable&quot;:false}\">\n\t\t\t\t\t<div class=\"e-con-inner\">\n\t\t\t\t<div class=\"elementor-element elementor-element-f491b98 elementor-widget elementor-widget-html\" data-id=\"f491b98\" data-element_type=\"widget\" data-widget_type=\"html.default\">\n\t\t\t\t\t<style>\n  :root {\n    --bg: #050509;\n    --bg-soft: #0b0b12;\n    --accent: #5cffc7;\n    --accent-soft: rgba(92, 255, 199, 0.12);\n    --text: #f5f5f7;\n    --muted: #9a9aa5;\n    --card-radius: 18px;\n    --card-border: 1px solid rgba(255,255,255,0.06);\n    --shadow-soft: 0 24px 60px rgba(0,0,0,0.6);\n    --max-width: 1120px;\n    --transition-fast: 180ms ease-out;\n    --font-main: system-ui, -apple-system, BlinkMacSystemFont, \"SF Pro Text\",\n      \"Segoe UI\", sans-serif;\n  }\n\n  *,\n  *::before,\n  *::after {\n    box-sizing: border-box;\n  }\n\n  body {\n    margin: 0;\n    min-height: 100vh;\n    font-family: var(--font-main);\n    background: radial-gradient(circle at top, #111325 0, #050509 60%);\n    background-size: 200% 200%;\n    animation: bgShift 18s ease-in-out infinite alternate;\n    color: var(--text);\n  }\n\n  @keyframes bgShift {\n    0% { background-position: 0% 0%; }\n    100% { background-position: 100% 100%; }\n  }\n\n  .page {\n    min-height: 100vh;\n    display: flex;\n    flex-direction: column;\n  }\n\n  main {\n    flex: 1;\n  }\n\n  .shell {\n    max-width: var(--max-width);\n    margin: 0 auto;\n    padding: 40px 20px 72px;\n  }\n\n  .eyebrow {\n    display: inline-flex;\n    align-items: center;\n    gap: 8px;\n    padding: 3px 10px;\n    border-radius: 999px;\n    background: rgba(255, 255, 255, 0.04);\n    border: 1px solid rgba(255, 255, 255, 0.08);\n    font-size: 0.7rem;\n    text-transform: uppercase;\n    letter-spacing: 0.12em;\n    color: var(--muted);\n    margin-bottom: 18px;\n  }\n\n  .eyebrow-dot {\n    width: 6px;\n    height: 6px;\n    border-radius: 999px;\n    background: var(--accent);\n    box-shadow: 0 0 0 4px var(--accent-soft);\n    animation: ping 1.8s ease-out infinite;\n  }\n\n  @keyframes ping {\n    0% { transform: scale(1); opacity: 1; }\n    70% { transform: scale(1.6); opacity: 0; }\n    100% { transform: scale(1.6); opacity: 0; }\n  }\n\n  .hero {\n    display: grid;\n    grid-template-columns: minmax(0, 2.1fr) minmax(0, 1.6fr);\n    gap: 36px;\n    margin-bottom: 56px;\n    align-items: center;\n  }\n\n  .hero h1 {\n    font-size: clamp(2.2rem, 3vw, 2.8rem);\n    margin: 0 0 14px;\n    letter-spacing: -0.03em;\n  }\n\n  .hero-lead {\n    margin: 0 0 18px;\n    color: var(--muted);\n    font-size: 0.98rem;\n    line-height: 1.65;\n  }\n\n  .hero-meta {\n    display: flex;\n    flex-wrap: wrap;\n    gap: 12px;\n    font-size: 0.8rem;\n    color: var(--muted);\n  }\n\n  .hero-badge {\n    padding: 6px 10px;\n    border-radius: 999px;\n    border: 1px solid rgba(255, 255, 255, 0.12);\n    background: rgba(6, 6, 10, 0.8);\n    transition: transform 0.25s ease-out, box-shadow 0.25s ease-out,\n      border-color 0.25s ease-out, background 0.25s ease-out;\n  }\n\n  .hero-badge:hover {\n    transform: translateY(-3px);\n    box-shadow: 0 14px 34px rgba(0, 0, 0, 0.9);\n    border-color: rgba(92, 255, 199, 0.6);\n    background: rgba(6, 6, 10, 0.95);\n  }\n\n  .hero-panel {\n    border-radius: 26px;\n    background: radial-gradient(circle at 0 0, #202040 0, #050509 55%);\n    border: 1px solid rgba(255, 255, 255, 0.06);\n    box-shadow: var(--shadow-soft);\n    padding: 20px 18px 18px;\n    position: relative;\n    overflow: hidden;\n    transform: translateY(0);\n    transition: transform 0.3s ease-out, box-shadow 0.3s ease-out,\n      border-color 0.3s ease-out, background 0.3s ease-out;\n  }\n\n  .hero-panel:hover {\n    transform: translateY(-8px);\n    box-shadow: 0 30px 80px rgba(0, 0, 0, 0.95);\n    border-color: rgba(92, 255, 199, 0.65);\n    background: radial-gradient(circle at 0 0, #273055 0, #050509 60%);\n  }\n\n  .hero-panel h2 {\n    margin: 0 0 10px;\n    font-size: 1rem;\n  }\n\n  .hero-panel p {\n    margin: 0 0 16px;\n    font-size: 0.86rem;\n    color: var(--muted);\n  }\n\n  .signal-list {\n    display: grid;\n    gap: 10px;\n    font-size: 0.8rem;\n  }\n\n  .signal-item {\n    padding: 8px 10px;\n    border-radius: 12px;\n    background: rgba(5, 5, 12, 0.92);\n    border: 1px solid rgba(255, 255, 255, 0.06);\n    display: flex;\n    justify-content: space-between;\n    align-items: center;\n    transition: background 0.25s ease-out, border-color 0.25s ease-out,\n      transform 0.2s ease-out;\n  }\n\n  .signal-item:hover {\n    background: rgba(8, 10, 20, 0.98);\n    border-color: rgba(92, 255, 199, 0.4);\n    transform: translateY(-2px);\n  }\n\n  .signal-label {\n    color: var(--muted);\n  }\n\n  .signal-value {\n    font-weight: 600;\n    font-variant-numeric: tabular-nums;\n  }\n\n  .glow-orb {\n    position: absolute;\n    width: 160px;\n    height: 160px;\n    background: radial-gradient(circle, rgba(92, 255, 199, 0.45), transparent);\n    top: -40px;\n    right: -40px;\n    opacity: 0.6;\n    pointer-events: none;\n    mix-blend-mode: screen;\n    transform-origin: center;\n    animation: floatGlow 7s ease-in-out infinite alternate;\n  }\n\n  @keyframes floatGlow {\n    0%   { transform: translate(0, 0) scale(0.95); opacity: 0.45; }\n    50%  { transform: translate(-10px, 6px) scale(1.05); opacity: 0.8; }\n    100% { transform: translate(-4px, 10px) scale(0.97); opacity: 0.55; }\n  }\n\n  section {\n    margin-bottom: 56px;\n    transition: transform 0.35s ease-out, box-shadow 0.35s ease-out;\n  }\n\n  section:hover {\n    transform: translateY(-3px);\n  }\n\n  section h2 {\n    font-size: 1.5rem;\n    margin-bottom: 8px;\n    letter-spacing: -0.02em;\n  }\n\n  section h3 {\n    font-size: 1.2rem;\n    margin: 28px 0 12px;\n    letter-spacing: -0.01em;\n  }\n\n  section > p.section-intro {\n    margin: 0 0 22px;\n    color: var(--muted);\n    font-size: 0.95rem;\n    max-width: 640px;\n  }\n\n  section p {\n    color: var(--muted);\n    font-size: 0.95rem;\n    line-height: 1.7;\n    margin: 0 0 16px;\n  }\n\n  .split {\n    display: grid;\n    grid-template-columns: minmax(0, 1.4fr) minmax(0, 1.4fr);\n    gap: 28px;\n  }\n\n  .pill-list {\n    list-style: none;\n    padding: 0;\n    margin: 0;\n    display: grid;\n    gap: 9px;\n  }\n\n  .pill-list li {\n    padding: 10px 12px;\n    border-radius: 999px;\n    font-size: 0.85rem;\n    background: rgba(255, 255, 255, 0.02);\n    border: 1px solid rgba(255, 255, 255, 0.06);\n    display: flex;\n    justify-content: space-between;\n    gap: 10px;\n    transition: transform 0.2s ease-out, border-color 0.25s ease-out,\n      background 0.25s ease-out;\n  }\n\n  .pill-list li:hover {\n    transform: translateY(-3px);\n    border-color: rgba(92, 255, 199, 0.5);\n    background: rgba(11, 16, 26, 0.98);\n  }\n\n  .pill-list span.label {\n    color: var(--muted);\n  }\n\n  .pill-list span.value {\n    color: var(--text);\n    font-weight: 500;\n  }\n\n  .feature-list {\n    list-style: none;\n    padding: 0;\n    margin: 24px 0;\n    display: grid;\n    gap: 12px;\n  }\n\n  .feature-list li {\n    padding: 14px 16px 14px 44px;\n    border-radius: 12px;\n    font-size: 0.9rem;\n    background: rgba(255, 255, 255, 0.02);\n    border: 1px solid rgba(255, 255, 255, 0.06);\n    position: relative;\n    transition: transform 0.2s ease-out, border-color 0.25s ease-out,\n      background 0.25s ease-out;\n    color: var(--muted);\n    line-height: 1.6;\n  }\n\n  .feature-list li:before {\n    content: \"\u2713\";\n    position: absolute;\n    left: 16px;\n    top: 50%;\n    transform: translateY(-50%);\n    color: var(--accent);\n    font-weight: bold;\n    font-size: 1.1rem;\n  }\n\n  .feature-list li:hover {\n    transform: translateX(6px);\n    border-color: rgba(92, 255, 199, 0.5);\n    background: rgba(11, 16, 26, 0.98);\n  }\n\n  .card-grid {\n    display: grid;\n    grid-template-columns: repeat(3, minmax(0, 1fr));\n    gap: 22px;\n  }\n\n  .card {\n    border-radius: var(--card-radius);\n    border: var(--card-border);\n    background: radial-gradient(circle at top, #15151e 0, #050509 70%);\n    padding: 22px 18px 18px;\n    box-shadow: var(--shadow-soft);\n    position: relative;\n    overflow: hidden;\n    display: flex;\n    flex-direction: column;\n    gap: 10px;\n    transform: translateY(0);\n    transition: transform 0.3s ease-out, box-shadow 0.3s ease-out,\n      border-color 0.3s ease-out, background 0.3s ease-out;\n  }\n\n  .card h3 {\n    margin: 0;\n    font-size: 1rem;\n  }\n\n  .card p {\n    margin: 0;\n    color: var(--muted);\n    font-size: 0.86rem;\n    line-height: 1.7;\n  }\n\n  .card-tag {\n    font-size: 0.7rem;\n    text-transform: uppercase;\n    letter-spacing: 0.12em;\n    color: var(--muted);\n  }\n\n  .card-orb {\n    position: absolute;\n    width: 96px;\n    height: 96px;\n    border-radius: 50%;\n    background: radial-gradient(circle, rgba(92, 255, 199, 0.25), transparent);\n    opacity: 0;\n    right: -20px;\n    top: -20px;\n    mix-blend-mode: screen;\n    pointer-events: none;\n    transition: opacity 0.25s ease-out, transform 0.25s ease-out;\n    animation: cardGlow 9s ease-in-out infinite alternate;\n  }\n\n  @keyframes cardGlow {\n    0%   { transform: translate(0, 0); opacity: 0.15; }\n    50%  { transform: translate(-8px, 6px); opacity: 0.35; }\n    100% { transform: translate(-3px, 10px); opacity: 0.18; }\n  }\n\n  .card:hover {\n    transform: translateY(-8px);\n    box-shadow: 0 30px 80px rgba(0, 0, 0, 0.95);\n    border-color: rgba(92, 255, 199, 0.6);\n    background: radial-gradient(circle at top, #1b1c2b 0, #050509 70%);\n  }\n\n  .card:hover .card-orb {\n    opacity: 1;\n    transform: translate(-6px, 6px);\n  }\n\n  .who-for {\n    margin-top: 10px;\n  }\n\n  .content-card {\n    border-radius: 18px;\n    background: radial-gradient(circle at top left, #15151e 0, #050509 70%);\n    border: 1px solid rgba(255, 255, 255, 0.06);\n    padding: 28px 24px;\n    margin: 24px 0;\n    box-shadow: var(--shadow-soft);\n    transition: transform 0.3s ease-out, border-color 0.3s ease-out;\n  }\n\n  .content-card:hover {\n    transform: translateY(-4px);\n    border-color: rgba(92, 255, 199, 0.4);\n  }\n\n  @media (max-width: 860px) {\n    .hero {\n      grid-template-columns: minmax(0, 1fr);\n    }\n    .hero-panel {\n      order: -1;\n    }\n    .split {\n      grid-template-columns: minmax(0, 1fr);\n    }\n    .card-grid {\n      grid-template-columns: minmax(0, 1fr);\n    }\n  }\n<\/style>\n\n<div class=\"page\">\n  <main>\n    <div class=\"shell\">\n      <div class=\"eyebrow\">\n        <span class=\"eyebrow-dot\"><\/span> Segnali cripto in tempo reale\n      <\/div>\n\n      <section class=\"hero\">\n        <div>\n          <h1>Segnali Cripto in tempo reale per ottimizzare il tuo Trading<\/h1>\n          <p class=\"hero-lead\">\n            I mercati si evolvono rapidamente e ogni movimento pu\u00f2 creare un'opportunit\u00e0. Grazie ai segnali cripto, benefici di indicatori precisi per anticipare le tendenze e ottimizzare la tua strategia di trading. Sumo Tradings analizza il mercato in tempo reale per trasmetterti segnali affidabili, azionabili e adattati alla dinamica attuale delle criptovalute.\n          <\/p>\n          <div class=\"hero-meta\">\n            <div class=\"hero-badge\">5 IA sincronizzate per prestazioni ottimali<\/div>\n            <div class=\"hero-badge\">Segnali conservativi e strutturati<\/div>\n          <\/div>\n        <\/div>\n\n        <aside class=\"hero-panel\" aria-label=\"Example AI signal\">\n          <div class=\"glow-orb\"><\/div>\n          <h2>Esempi di segnali Sumo<\/h2>\n          <p>Ogni idea include un punto di ingresso, un ordine stop-loss e obiettivi di profitto scaglionati, permettendoti cos\u00ec di agire rapidamente con un piano completo.<\/p>\n          <div class=\"signal-list\">\n            <div class=\"signal-item\">\n              <span class=\"signal-label\">Coppia<\/span>\n              <span class=\"signal-value\">BTC \/ USDT<\/span>\n            <\/div>\n            <div class=\"signal-item\">\n              <span class=\"signal-label\">Direzione<\/span>\n              <span class=\"signal-value\">Long \u00b7 1h<\/span>\n            <\/div>\n            <div class=\"signal-item\">\n              <span class=\"signal-label\">Zona di ingresso<\/span>\n              <span class=\"signal-value\">68.200 \u2013 68.700<\/span>\n            <\/div>\n            <div class=\"signal-item\">\n              <span class=\"signal-label\">SL iniziale<\/span>\n              <span class=\"signal-value\">66.950<\/span>\n            <\/div>\n            <div class=\"signal-item\">\n              <span class=\"signal-label\">TP 1 \u00b7 TP 2<\/span>\n              <span class=\"signal-value\">69.850 \u00b7 71.200<\/span>\n            <\/div>\n          <\/div>\n        <\/aside>\n      <\/section>\n\n      <section>\n        <h2>Cos'\u00e8 un segnale cripto?<\/h2>\n        <p>\n          Un segnale cripto \u00e8 un'informazione generata da un modello di analisi che indica un momento potenzialmente favorevole per comprare, vendere o regolare una posizione. Questi segnali si basano sull'analisi tecnica, sulla volatilit\u00e0, sui volumi, sulle zone di supporto e resistenza, nonch\u00e9 su modelli matematici o statistici. Il loro obiettivo \u00e8 aiutare i trader a prendere decisioni informate senza subire l'influenza della pressione o dell'emozione.\n        <\/p>\n        <p>\n          I segnali cripto sono particolarmente utili in un mercato volatile, dove ogni impulso pu\u00f2 creare un'opportunit\u00e0 a breve, medio o lungo termine. Permettono di leggere meglio il mercato, ridurre gli errori di interpretazione e agire al momento giusto.\n        <\/p>\n      <\/section>\n\n      <section>\n        <h2>Perch\u00e9 utilizzare i segnali cripto per il tuo trading?<\/h2>\n        <p>\n          I segnali cripto forniscono un quadro, una metodologia e una visione chiara del mercato. Dove un trader principiante o frettoloso pu\u00f2 perdere un movimento importante, un sistema automatizzato rileva configurazioni in millisecondi. Questo aiuta a evitare decisioni impulsive e permette di lavorare con una strategia coerente.\n        <\/p>\n        <p>\n          I segnali cripto in tempo reale aiutano anche a identificare i momenti chiave quando il mercato cambia: rottura di tendenza, rimbalzo su livelli tecnici, zone di ipercomprato o ipervenduto, o accelerazioni di momentum. Grazie a questi indicatori, i trader possono affinare i loro ingressi, ottimizzare le loro uscite e strutturare la loro gestione del rischio.\n        <\/p>\n\n        <ul class=\"feature-list\">\n          <li>Identificare rapidamente opportunit\u00e0 di acquisto o vendita senza analisi manuale.<\/li>\n          <li>Anticipare inversioni di tendenza utilizzando segnali basati su dati oggettivi.<\/li>\n          <li>Ridurre le decisioni emotive affidandosi a una metodologia affidabile.<\/li>\n          <li>Risparmiare tempo con una sorveglianza continua del mercato.<\/li>\n          <li>Migliorare la precisione degli ingressi e delle uscite, anche durante periodi di alta volatilit\u00e0.<\/li>\n          <li>Sviluppare una strategia di trading coerente con una visione chiara del mercato.<\/li>\n        <\/ul>\n      <\/section>\n\n      <section>\t\t\t\t<\/div>\n\t\t\t\t\t<\/div>\n\t\t\t\t<\/div>\n\t\t<div class=\"elementor-element elementor-element-fcfb13d e-flex e-con-boxed e-con e-parent\" data-id=\"fcfb13d\" data-element_type=\"container\" data-settings=\"{&quot;_ha_eqh_enable&quot;:false}\">\n\t\t\t\t\t<div class=\"e-con-inner\">\n\t\t\t\t<div class=\"elementor-element elementor-element-db90971 elementor-widget elementor-widget-spacer\" data-id=\"db90971\" data-element_type=\"widget\" data-widget_type=\"spacer.default\">\n\t\t\t\t\t\t\t<div class=\"elementor-spacer\">\n\t\t\t<div class=\"elementor-spacer-inner\"><\/div>\n\t\t<\/div>\n\t\t\t\t\t\t<\/div>\n\t\t\t\t\t<\/div>\n\t\t\t\t<\/div>\n\t\t\t\t<\/div>\n\t\t","protected":false},"excerpt":{"rendered":"<p>Segnali cripto in tempo reale Segnali Cripto in tempo reale per ottimizzare il tuo Trading I mercati si evolvono rapidamente e ogni movimento pu\u00f2 creare un&#8217;opportunit\u00e0. Grazie ai segnali cripto, benefici di indicatori precisi per anticipare le tendenze e ottimizzare la tua strategia di trading. Sumo Tradings analizza il mercato in tempo reale per trasmetterti [&hellip;]<\/p>\n","protected":false},"author":2,"featured_media":0,"parent":0,"menu_order":0,"comment_status":"closed","ping_status":"closed","template":"","meta":{"_acf_changed":false,"_yoast_wpseo_focuskw":"Segnali crittografici in tempo reale","_yoast_wpseo_title":"Segnali crittografici in tempo reale per il tuo trading - Sumo Tradings","_yoast_wpseo_metadesc":"Ricevi segnali crittografici in tempo reale per ottimizzare il tuo trading. Sumo Tradings analizza istantaneamente il mercato e identifica le migliori opportunit\u00e0.","footnotes":""},"class_list":["post-5092","page","type-page","status-publish","hentry"],"acf":[],"yoast_head":"<!-- This site is optimized with the Yoast SEO plugin v26.5 - https:\/\/yoast.com\/wordpress\/plugins\/seo\/ -->\n<title>Segnali crittografici in tempo reale per il tuo trading - Sumo Tradings<\/title>\n<meta name=\"description\" content=\"Ricevi segnali crittografici in tempo reale per ottimizzare il tuo trading. Sumo Tradings analizza istantaneamente il mercato e identifica le migliori opportunit\u00e0.\" \/>\n<meta name=\"robots\" content=\"index, follow, max-snippet:-1, max-image-preview:large, max-video-preview:-1\" \/>\n<link rel=\"canonical\" href=\"https:\/\/www.sumoanalysis.com\/it\/segnali-di-trading\/\" \/>\n<meta property=\"og:locale\" content=\"it_IT\" \/>\n<meta property=\"og:type\" content=\"article\" \/>\n<meta property=\"og:title\" content=\"Segnali crittografici in tempo reale per il tuo trading - Sumo Tradings\" \/>\n<meta property=\"og:description\" content=\"Ricevi segnali crittografici in tempo reale per ottimizzare il tuo trading. Sumo Tradings analizza istantaneamente il mercato e identifica le migliori opportunit\u00e0.\" \/>\n<meta property=\"og:site_name\" content=\"SumoAnalysis\" \/>\n<meta property=\"article:modified_time\" content=\"2026-02-07T19:50:26+00:00\" \/>\n<meta name=\"twitter:card\" content=\"summary_large_image\" \/>\n<meta name=\"twitter:label1\" content=\"Tempo di lettura stimato\" \/>\n\t<meta name=\"twitter:data1\" content=\"2 minuti\" \/>\n<script type=\"application\/ld+json\" class=\"yoast-schema-graph\">{\"@context\":\"https:\/\/schema.org\",\"@graph\":[{\"@type\":\"WebPage\",\"@id\":\"https:\/\/www.sumoanalysis.com\/it\/segnali-di-trading\/\",\"url\":\"https:\/\/www.sumoanalysis.com\/it\/segnali-di-trading\/\",\"name\":\"Segnali crittografici in tempo reale per il tuo trading - Sumo Tradings\",\"isPartOf\":{\"@id\":\"https:\/\/www.sumoanalysis.com\/it\/#website\"},\"datePublished\":\"2025-12-07T10:41:30+00:00\",\"dateModified\":\"2026-02-07T19:50:26+00:00\",\"description\":\"Ricevi segnali crittografici in tempo reale per ottimizzare il tuo trading. Sumo Tradings analizza istantaneamente il mercato e identifica le migliori opportunit\u00e0.\",\"breadcrumb\":{\"@id\":\"https:\/\/www.sumoanalysis.com\/it\/segnali-di-trading\/#breadcrumb\"},\"inLanguage\":\"it-IT\",\"potentialAction\":[{\"@type\":\"ReadAction\",\"target\":[\"https:\/\/www.sumoanalysis.com\/it\/segnali-di-trading\/\"]}]},{\"@type\":\"BreadcrumbList\",\"@id\":\"https:\/\/www.sumoanalysis.com\/it\/segnali-di-trading\/#breadcrumb\",\"itemListElement\":[{\"@type\":\"ListItem\",\"position\":1,\"name\":\"Home\",\"item\":\"https:\/\/www.sumoanalysis.com\/it\/\"},{\"@type\":\"ListItem\",\"position\":2,\"name\":\"Signaux trading\"}]},{\"@type\":\"WebSite\",\"@id\":\"https:\/\/www.sumoanalysis.com\/it\/#website\",\"url\":\"https:\/\/www.sumoanalysis.com\/it\/\",\"name\":\"SumoAnalysis\",\"description\":\"Sumo Tradings Handles the Analysis. You Focus on Results.\",\"publisher\":{\"@id\":\"https:\/\/www.sumoanalysis.com\/it\/#organization\"},\"potentialAction\":[{\"@type\":\"SearchAction\",\"target\":{\"@type\":\"EntryPoint\",\"urlTemplate\":\"https:\/\/www.sumoanalysis.com\/it\/?s={search_term_string}\"},\"query-input\":{\"@type\":\"PropertyValueSpecification\",\"valueRequired\":true,\"valueName\":\"search_term_string\"}}],\"inLanguage\":\"it-IT\"},{\"@type\":\"Organization\",\"@id\":\"https:\/\/www.sumoanalysis.com\/it\/#organization\",\"name\":\"SumoAnalysis\",\"url\":\"https:\/\/www.sumoanalysis.com\/it\/\",\"logo\":{\"@type\":\"ImageObject\",\"inLanguage\":\"it-IT\",\"@id\":\"https:\/\/www.sumoanalysis.com\/it\/#\/schema\/logo\/image\/\",\"url\":\"https:\/\/www.sumoanalysis.com\/wp-content\/uploads\/2025\/09\/cropped-Adobe-Express-file.png\",\"contentUrl\":\"https:\/\/www.sumoanalysis.com\/wp-content\/uploads\/2025\/09\/cropped-Adobe-Express-file.png\",\"width\":512,\"height\":512,\"caption\":\"SumoAnalysis\"},\"image\":{\"@id\":\"https:\/\/www.sumoanalysis.com\/it\/#\/schema\/logo\/image\/\"}}]}<\/script>\n<!-- \/ Yoast SEO plugin. -->","yoast_head_json":{"title":"Segnali crittografici in tempo reale per il tuo trading - Sumo Tradings","description":"Ricevi segnali crittografici in tempo reale per ottimizzare il tuo trading. Sumo Tradings analizza istantaneamente il mercato e identifica le migliori opportunit\u00e0.","robots":{"index":"index","follow":"follow","max-snippet":"max-snippet:-1","max-image-preview":"max-image-preview:large","max-video-preview":"max-video-preview:-1"},"canonical":"https:\/\/www.sumoanalysis.com\/it\/segnali-di-trading\/","og_locale":"it_IT","og_type":"article","og_title":"Segnali crittografici in tempo reale per il tuo trading - Sumo Tradings","og_description":"Ricevi segnali crittografici in tempo reale per ottimizzare il tuo trading. Sumo Tradings analizza istantaneamente il mercato e identifica le migliori opportunit\u00e0.","og_site_name":"SumoAnalysis","article_modified_time":"2026-02-07T19:50:26+00:00","twitter_card":"summary_large_image","twitter_misc":{"Tempo di lettura stimato":"2 minuti"},"schema":{"@context":"https:\/\/schema.org","@graph":[{"@type":"WebPage","@id":"https:\/\/www.sumoanalysis.com\/it\/segnali-di-trading\/","url":"https:\/\/www.sumoanalysis.com\/it\/segnali-di-trading\/","name":"Segnali crittografici in tempo reale per il tuo trading - Sumo Tradings","isPartOf":{"@id":"https:\/\/www.sumoanalysis.com\/it\/#website"},"datePublished":"2025-12-07T10:41:30+00:00","dateModified":"2026-02-07T19:50:26+00:00","description":"Ricevi segnali crittografici in tempo reale per ottimizzare il tuo trading. Sumo Tradings analizza istantaneamente il mercato e identifica le migliori opportunit\u00e0.","breadcrumb":{"@id":"https:\/\/www.sumoanalysis.com\/it\/segnali-di-trading\/#breadcrumb"},"inLanguage":"it-IT","potentialAction":[{"@type":"ReadAction","target":["https:\/\/www.sumoanalysis.com\/it\/segnali-di-trading\/"]}]},{"@type":"BreadcrumbList","@id":"https:\/\/www.sumoanalysis.com\/it\/segnali-di-trading\/#breadcrumb","itemListElement":[{"@type":"ListItem","position":1,"name":"Home","item":"https:\/\/www.sumoanalysis.com\/it\/"},{"@type":"ListItem","position":2,"name":"Signaux trading"}]},{"@type":"WebSite","@id":"https:\/\/www.sumoanalysis.com\/it\/#website","url":"https:\/\/www.sumoanalysis.com\/it\/","name":"SumoAnalysis","description":"Sumo Tradings Handles the Analysis. You Focus on Results.","publisher":{"@id":"https:\/\/www.sumoanalysis.com\/it\/#organization"},"potentialAction":[{"@type":"SearchAction","target":{"@type":"EntryPoint","urlTemplate":"https:\/\/www.sumoanalysis.com\/it\/?s={search_term_string}"},"query-input":{"@type":"PropertyValueSpecification","valueRequired":true,"valueName":"search_term_string"}}],"inLanguage":"it-IT"},{"@type":"Organization","@id":"https:\/\/www.sumoanalysis.com\/it\/#organization","name":"SumoAnalysis","url":"https:\/\/www.sumoanalysis.com\/it\/","logo":{"@type":"ImageObject","inLanguage":"it-IT","@id":"https:\/\/www.sumoanalysis.com\/it\/#\/schema\/logo\/image\/","url":"https:\/\/www.sumoanalysis.com\/wp-content\/uploads\/2025\/09\/cropped-Adobe-Express-file.png","contentUrl":"https:\/\/www.sumoanalysis.com\/wp-content\/uploads\/2025\/09\/cropped-Adobe-Express-file.png","width":512,"height":512,"caption":"SumoAnalysis"},"image":{"@id":"https:\/\/www.sumoanalysis.com\/it\/#\/schema\/logo\/image\/"}}]}},"_links":{"self":[{"href":"https:\/\/www.sumoanalysis.com\/it\/wp-json\/wp\/v2\/pages\/5092","targetHints":{"allow":["GET"]}}],"collection":[{"href":"https:\/\/www.sumoanalysis.com\/it\/wp-json\/wp\/v2\/pages"}],"about":[{"href":"https:\/\/www.sumoanalysis.com\/it\/wp-json\/wp\/v2\/types\/page"}],"author":[{"embeddable":true,"href":"https:\/\/www.sumoanalysis.com\/it\/wp-json\/wp\/v2\/users\/2"}],"replies":[{"embeddable":true,"href":"https:\/\/www.sumoanalysis.com\/it\/wp-json\/wp\/v2\/comments?post=5092"}],"version-history":[{"count":7,"href":"https:\/\/www.sumoanalysis.com\/it\/wp-json\/wp\/v2\/pages\/5092\/revisions"}],"predecessor-version":[{"id":5779,"href":"https:\/\/www.sumoanalysis.com\/it\/wp-json\/wp\/v2\/pages\/5092\/revisions\/5779"}],"wp:attachment":[{"href":"https:\/\/www.sumoanalysis.com\/it\/wp-json\/wp\/v2\/media?parent=5092"}],"curies":[{"name":"wp","href":"https:\/\/api.w.org\/{rel}","templated":true}]}}