{"id":4981,"date":"2025-11-23T14:49:06","date_gmt":"2025-11-23T14:49:06","guid":{"rendered":"https:\/\/www.sumoanalysis.com\/tp-sl-optimization\/"},"modified":"2026-02-07T20:18:50","modified_gmt":"2026-02-07T20:18:50","slug":"tp-sl-optimization","status":"publish","type":"page","link":"https:\/\/www.sumoanalysis.com\/pt-pt\/tp-sl-optimization\/","title":{"rendered":"Otimiza\u00e7\u00e3o de TP \/ SL"},"content":{"rendered":"\t\t<div data-elementor-type=\"wp-page\" data-elementor-id=\"4981\" class=\"elementor elementor-4981 elementor-2721\" data-elementor-settings=\"{&quot;ha_cmc_init_switcher&quot;:&quot;no&quot;}\" data-elementor-post-type=\"page\">\n\t\t\t\t<div class=\"elementor-element elementor-element-70df3f5 e-flex e-con-boxed e-con e-parent\" data-id=\"70df3f5\" data-element_type=\"container\" data-settings=\"{&quot;_ha_eqh_enable&quot;:false}\">\n\t\t\t\t\t<div class=\"e-con-inner\">\n\t\t\t\t<div class=\"elementor-element elementor-element-7fdc3dc elementor-widget elementor-widget-html\" data-id=\"7fdc3dc\" data-element_type=\"widget\" data-widget_type=\"html.default\">\n\t\t\t\t\t<style>\n  :root {\n    --bg: #050509;\n    --bg-soft: #0b0b12;\n    --accent: #5cffc7;\n    --accent-soft: rgba(92, 255, 199, 0.12);\n    --text: #f5f5f7;\n    --muted: #9a9aa5;\n    --card-radius: 18px;\n    --card-border: 1px solid rgba(255,255,255,0.06);\n    --shadow-soft: 0 24px 60px rgba(0,0,0,0.6);\n    --max-width: 1120px;\n    --transition-fast: 180ms ease-out;\n    --font-main: system-ui, -apple-system, BlinkMacSystemFont, \"SF Pro Text\",\n      \"Segoe UI\", sans-serif;\n  }\n\n  *,\n  *::before,\n  *::after {\n    box-sizing: border-box;\n  }\n\n  body {\n    margin: 0;\n    min-height: 100vh;\n    font-family: var(--font-main);\n    background: radial-gradient(circle at top, #111325 0, #050509 60%);\n    background-size: 210% 210%;\n    animation: bgShift 19s ease-in-out infinite alternate;\n    color: var(--text);\n  }\n\n  @keyframes bgShift {\n    0% { background-position: 10% 0%; }\n    100% { background-position: 90% 100%; }\n  }\n\n  .page { min-height: 100vh; display: flex; flex-direction: column; }\n  main { flex: 1; }\n\n  .shell {\n    max-width: var(--max-width);\n    margin: 0 auto;\n    padding: 40px 20px 72px;\n  }\n\n  .eyebrow {\n    display: inline-flex;\n    align-items: center;\n    gap: 8px;\n    padding: 3px 10px;\n    border-radius: 999px;\n    background: rgba(255, 255, 255, 0.04);\n    border: 1px solid rgba(255, 255, 255, 0.08);\n    font-size: 0.7rem;\n    text-transform: uppercase;\n    letter-spacing: 0.12em;\n    color: var(--muted);\n    margin-bottom: 18px;\n  }\n\n  .eyebrow-dot {\n    width: 6px;\n    height: 6px;\n    border-radius: 999px;\n    background: var(--accent);\n    box-shadow: 0 0 0 4px var(--accent-soft);\n    animation: ping 1.8s ease-out infinite;\n  }\n\n  @keyframes ping {\n    0% { transform: scale(1); opacity: 1; }\n    70% { transform: scale(1.6); opacity: 0; }\n    100% { transform: scale(1.6); opacity: 0; }\n  }\n\n  .hero {\n    display: grid;\n    grid-template-columns: minmax(0, 2.1fr) minmax(0, 1.6fr);\n    gap: 36px;\n    margin-bottom: 56px;\n    align-items: center;\n  }\n\n  .hero h1 {\n    font-size: clamp(2.2rem, 3vw, 2.8rem);\n    margin: 0 0 14px;\n    letter-spacing: -0.03em;\n  }\n\n  .hero-lead {\n    margin: 0 0 18px;\n    color: var(--muted);\n    font-size: 0.98rem;\n    line-height: 1.65;\n  }\n\n  .hero-meta {\n    display: flex;\n    flex-wrap: wrap;\n    gap: 12px;\n    font-size: 0.8rem;\n    color: var(--muted);\n  }\n\n  .hero-badge {\n    padding: 6px 10px;\n    border-radius: 999px;\n    border: 1px solid rgba(255, 255, 255, 0.12);\n    background: rgba(6, 6, 10, 0.8);\n    transition: transform 0.25s ease-out, box-shadow 0.25s ease-out,\n      border-color 0.25s ease-out, background 0.25s ease-out;\n  }\n\n  .hero-badge:hover {\n    transform: translateY(-3px);\n    box-shadow: 0 14px 34px rgba(0, 0, 0, 0.9);\n    border-color: rgba(92, 255, 199, 0.6);\n    background: rgba(6, 6, 10, 0.95);\n  }\n\n  .hero-panel {\n    border-radius: 26px;\n    background: radial-gradient(circle at 0 0, #202040 0, #050509 55%);\n    border: 1px solid rgba(255, 255, 255, 0.06);\n    box-shadow: var(--shadow-soft);\n    padding: 20px 18px 18px;\n    position: relative;\n    overflow: hidden;\n    transform: translateY(0);\n    transition: transform 0.3s ease-out, box-shadow 0.3s ease-out,\n      border-color 0.3s ease-out, background 0.3s ease-out;\n  }\n\n  .hero-panel:hover {\n    transform: translateY(-8px);\n    box-shadow: 0 30px 80px rgba(0, 0, 0, 0.95);\n    border-color: rgba(92, 255, 199, 0.65);\n    background: radial-gradient(circle at 0 0, #273055 0, #050509 60%);\n  }\n\n  .hero-panel h2 { margin: 0 0 10px; font-size: 1rem; }\n  .hero-panel p { margin: 0 0 16px; font-size: 0.86rem; color: var(--muted); }\n\n  .signal-grid {\n    display: grid;\n    grid-template-columns: minmax(0, 1.4fr) minmax(0, 1.4fr);\n    gap: 16px;\n  }\n\n  .mini-card {\n    border-radius: 16px;\n    border: 1px solid rgba(255, 255, 255, 0.08);\n    background: rgba(9, 9, 14, 0.92);\n    padding: 14px 12px 12px;\n    font-size: 0.84rem;\n    color: var(--muted);\n    transform: translateY(0);\n    transition: transform 0.25s ease-out, box-shadow 0.25s ease-out,\n      border-color 0.25s ease-out, background 0.25s ease-out;\n  }\n\n  .mini-card:hover {\n    transform: translateY(-6px);\n    border-color: rgba(92, 255, 199, 0.5);\n    box-shadow: 0 24px 60px rgba(0, 0, 0, 0.9);\n    background: rgba(13, 15, 26, 0.98);\n  }\n\n  .mini-card strong {\n    display: block;\n    margin-bottom: 4px;\n    color: var(--text);\n  }\n\n  section { margin-bottom: 56px; transition: transform 0.35s ease-out; }\n  section:hover { transform: translateY(-3px); }\n\n  section h2 { font-size: 1.5rem; margin-bottom: 8px; letter-spacing: -0.02em; }\n\n  section > p.section-intro {\n    margin: 0 0 22px;\n    color: var(--muted);\n    font-size: 0.95rem;\n    max-width: 640px;\n  }\n\n  .split {\n    display: grid;\n    grid-template-columns: minmax(0, 1.4fr) minmax(0, 1.4fr);\n    gap: 28px;\n  }\n\n  .workflow {\n    border-radius: 18px;\n    border: 1px solid rgba(255, 255, 255, 0.08);\n    background: rgba(9, 9, 14, 0.9);\n    padding: 18px 16px 14px;\n    box-shadow: var(--shadow-soft);\n    font-size: 0.86rem;\n    transform: translateY(0);\n    transition: transform 0.28s ease-out, box-shadow 0.28s ease-out,\n      border-color 0.28s ease-out, background 0.28s ease-out;\n  }\n\n  .workflow:hover {\n    transform: translateY(-8px);\n    border-color: rgba(92, 255, 199, 0.5);\n    box-shadow: 0 26px 70px rgba(0, 0, 0, 0.95);\n    background: rgba(13, 15, 26, 0.98);\n  }\n\n  .workflow h3 { margin: 4px 0 8px; font-size: 1rem; }\n  .workflow p { margin: 0 0 10px; color: var(--muted); line-height: 1.6; }\n  .workflow ul { margin: 0; padding-left: 18px; color: var(--muted); }\n\n  @media (max-width: 860px) {\n    .hero { grid-template-columns: minmax(0, 1fr); }\n    .hero-panel { order: -1; }\n    .signal-grid { grid-template-columns: minmax(0, 1fr); }\n    .split { grid-template-columns: minmax(0, 1fr); }\n  }\n<\/style>\n\n<div class=\"page\">\n  <main>\n    <div class=\"shell\">\n      <div class=\"eyebrow\">\n        <span class=\"eyebrow-dot\"><\/span> Otimiza\u00e7\u00e3o TP \/ SL\n      <\/div>\n\n      <section class=\"hero\">\n        <div>\n          <h1>N\u00edveis TP &amp; SL inteligentes que protegem o seu capital.<\/h1>\n          <p class=\"hero-lead\">\n            Cada sinal Sumo vem com n\u00edveis de take-profit e stop-loss calculados por IA,\n            constru\u00eddos a partir de volatilidade e estrutura em vez de suposi\u00e7\u00f5es.\n          <\/p>\n          <div class=\"hero-meta\">\n            <div class=\"hero-badge\">Planos de negocia\u00e7\u00e3o estruturados<\/div>\n            <div class=\"hero-badge\">Risco conservador por conce\u00e7\u00e3o<\/div>\n          <\/div>\n        <\/div>\n\n        <aside class=\"hero-panel\">\n          <h2>Dentro de um plano de negocia\u00e7\u00e3o Sumo<\/h2>\n          <p>Entradas, sa\u00eddas e risco s\u00e3o concebidos em conjunto para que cada posi\u00e7\u00e3o tenha uma fun\u00e7\u00e3o clara.<\/p>\n          <div class=\"signal-grid\">\n            <div class=\"mini-card\">\n              <strong>Zona de entrada<\/strong>\n              Intervalos de pre\u00e7o apertados calibrados \u00e0 volatilidade recente e liquidez.\n            <\/div>\n            <div class=\"mini-card\">\n              <strong>Stop-loss inicial<\/strong>\n              Colocado al\u00e9m da estrutura-chave e bandas ATR para reduzir paragens aleat\u00f3rias.\n            <\/div>\n            <div class=\"mini-card\">\n              <strong>Take-profits escalonados<\/strong>\n              M\u00faltiplos n\u00edveis TP para poder garantir lucros parciais enquanto deixa os vencedores correrem.\n            <\/div>\n            <div class=\"mini-card\">\n              <strong>Orienta\u00e7\u00e3o de dimensionamento de risco<\/strong>\n              Risco sugerido por opera\u00e7\u00e3o para manter a sua exposi\u00e7\u00e3o global sob controlo.\n            <\/div>\n          <\/div>\n        <\/aside>\n      <\/section>\n\n      <section>\n        <h2>Porque a maioria dos traders perde \u2013 e como a Sumo ajuda<\/h2>\n        <p class=\"section-intro\">\n          A dire\u00e7\u00e3o \u00e9 apenas metade da batalha. Sa\u00eddas fracas e paragens aleat\u00f3rias \u00e9 o que drena a maioria das contas.\n          A Sumo integra a gest\u00e3o de risco no pr\u00f3prio sinal.\n        <\/p>\n        <div class=\"split\">\n          <div class=\"workflow\">\n            <h3>De suposi\u00e7\u00e3o a estrutura<\/h3>\n            <p>\n              Em vez de estimar n\u00edveis \"razo\u00e1veis\" a olho, a Sumo usa ATR, suportes\/resist\u00eancias\n              e condi\u00e7\u00f5es ao vivo para moldar cada TP e SL.\n            <\/p>\n            <ul>\n              <li>Paragens dimensionadas \u00e0 volatilidade, n\u00e3o \u00e0 emo\u00e7\u00e3o.<\/li>\n              <li>Alvos alinhados com zonas de extens\u00e3o realistas.<\/li>\n              <li>Risco-recompensa calibrado para cada temporalidade.<\/li>\n            <\/ul>\n          <\/div>\n          <div class=\"workflow\">\n            <h3>Permane\u00e7a no jogo por mais tempo<\/h3>\n            <p>\n              O objetivo n\u00e3o \u00e9 ganhar cada opera\u00e7\u00e3o \u2013 \u00e9 mant\u00ea-lo a negociar com uma curva de conta saud\u00e1vel.\n            <\/p>\n            <ul>\n              <li>Predefini\u00e7\u00f5es conservadoras para limitar o drawdown di\u00e1rio e semanal.<\/li>\n              <li>Sa\u00eddas parciais para fixar lucro antes da invers\u00e3o da tend\u00eancia.<\/li>\n              <li>Op\u00e7\u00f5es para l\u00f3gica de trailing avan\u00e7ada \u00e0 medida que as suas compet\u00eancias crescem.<\/li>\n            <\/ul>\n          <\/div>\n        <\/div>\n      <\/section>\n\n      <section>\n        <h2>Concebido para cada fase da sua jornada de negocia\u00e7\u00e3o<\/h2>\n        <p class=\"section-intro\">\n          Diferentes traders precisam de diferentes n\u00edveis de orienta\u00e7\u00e3o. A estrutura TP\/SL da Sumo adapta-se de plug-and-play\n          a totalmente personaliz\u00e1vel.\n        <\/p>\n        <div class=\"split\">\n          <div class=\"workflow\">\n            <h3>Principiantes<\/h3>\n            <p>\n              Siga planos de negocia\u00e7\u00e3o completos prontos a usar enquanto aprende porque cada n\u00edvel est\u00e1 onde est\u00e1.\n            <\/p>\n            <ul>\n              <li>Entradas, paragens e alvos prontos a copiar.<\/li>\n              <li>Reduza decis\u00f5es emocionais sob press\u00e3o.<\/li>\n              <li>Aprenda posicionamento observando o sistema a funcionar.<\/li>\n            <\/ul>\n          <\/div>\n          <div class=\"workflow\">\n            <h3>Traders sistem\u00e1ticos &amp; avan\u00e7ados<\/h3>\n            <p>\n              Use a l\u00f3gica TP\/SL da Sumo como espinha dorsal para os seus pr\u00f3prios bots e conjuntos de regras, ou como segunda opini\u00e3o sobre os seus n\u00edveis.\n            <\/p>\n            <ul>\n              <li>Incorpore n\u00edveis via API em sistemas personalizados.<\/li>\n              <li>Combine os seus filtros com as estruturas da Sumo.<\/li>\n              <li>Teste novas ideias sem come\u00e7ar do zero.<\/li>\n            <\/ul>\n          <\/div>\n        <\/div>\n      <\/section>\n          <!-- SHORTCODE SECTION - FULL WIDTH -->\n      <div style=\"width: 100%; margin-top: 32px;\">\n        <!-- Cryptocurrency Widgets PRO 3.9.4  !--><div class=\" style-1-2 ccpw-ticker-cont \" ><div class=\"tickercontainer\">    <div id=\"ccpw-ticker-1911\"><div class=\"ccpw_react_widget\" id=\"ccpw_react_widgets_1911872408771\" data-attribute={\"type\":\"ticker\",\"selected_currency\":\"USD\",\"custom_currency\":\"\",\"show_coins\":\"10\",\"design\":\"style-1\",\"MbFormating\":\"on\",\"live_changes\":\"on\",\"bg_color\":\"#000000\",\"display_changes\":\"on\",\"speed\":\"40\",\"ticker_position\":\"shortcode\",\"random_id\":\"1911872408771\"}><\/div><\/div><\/div><\/div><style type='text\/css'>\r\n\t\t\t\t   .tooltip-title,\r\n\t\t\t\t   .ToolTipPortal .changes ,\r\n\t\t\t\t   .tooltip-list-vol,\r\n\t\t\t\t   .tooltip-market_cap{color:#ffffff;}\r\n\t\t\t   \r\n\t\t\t    \t\r\n\t\t\t\t   .tickercontainer #ccpw-ticker-1911 {background-color:#000000;}\r\n\t\t\t\t   .tickercontainer #ccpw-ticker-1911 .ticker-name,\r\n\t\t\t\t   .tickercontainer #ccpw-ticker-1911 .ticker-symbol,\r\n\t\t\t\t   .tickercontainer #ccpw-ticker-1911 .live-pricing,\r\n\t\t\t\t   .tickercontainer #ccpw-ticker-1911  .ticker-price {color:#ffffff;}\r\n\t\t\t   <\/style>\n      <\/div>\n    <\/div>\n  <\/main>\n<\/div>\n\t\t\t\t<\/div>\n\t\t\t\t\t<\/div>\n\t\t\t\t<\/div>\n\t\t\t\t<\/div>\n\t\t","protected":false},"excerpt":{"rendered":"<p>Otimiza\u00e7\u00e3o TP \/ SL N\u00edveis TP &amp; SL inteligentes que protegem o seu capital. Cada sinal Sumo vem com n\u00edveis de take-profit e stop-loss calculados por IA, constru\u00eddos a partir de volatilidade e estrutura em vez de suposi\u00e7\u00f5es. Planos de negocia\u00e7\u00e3o estruturados Risco conservador por conce\u00e7\u00e3o Dentro de um plano de negocia\u00e7\u00e3o Sumo Entradas, sa\u00eddas [&hellip;]<\/p>\n","protected":false},"author":1,"featured_media":0,"parent":0,"menu_order":0,"comment_status":"closed","ping_status":"closed","template":"","meta":{"_acf_changed":false,"_yoast_wpseo_focuskw":"","_yoast_wpseo_title":"","_yoast_wpseo_metadesc":"Otimize os seus n\u00edveis de Take Profit e Stop Loss com an\u00e1lise orientada por IA. Proteja o seu capital e gere o risco de forma eficaz com a Sumo Tradings.","footnotes":""},"class_list":["post-4981","page","type-page","status-publish","hentry"],"acf":[],"yoast_head":"<!-- This site is optimized with the Yoast SEO plugin v26.5 - https:\/\/yoast.com\/wordpress\/plugins\/seo\/ -->\n<title>Otimiza\u00e7\u00e3o de TP \/ SL - SumoAnalysis<\/title>\n<meta name=\"description\" content=\"Otimize os seus n\u00edveis de Take Profit e Stop Loss com an\u00e1lise orientada por IA. Proteja o seu capital e gere o risco de forma eficaz com a Sumo Tradings.\" \/>\n<meta name=\"robots\" content=\"index, follow, max-snippet:-1, max-image-preview:large, max-video-preview:-1\" \/>\n<link rel=\"canonical\" href=\"https:\/\/www.sumoanalysis.com\/pt-pt\/tp-sl-optimization\/\" \/>\n<meta property=\"og:locale\" content=\"pt_PT\" \/>\n<meta property=\"og:type\" content=\"article\" \/>\n<meta property=\"og:title\" content=\"Otimiza\u00e7\u00e3o de TP \/ SL - SumoAnalysis\" \/>\n<meta property=\"og:description\" content=\"Otimize os seus n\u00edveis de Take Profit e Stop Loss com an\u00e1lise orientada por IA. Proteja o seu capital e gere o risco de forma eficaz com a Sumo Tradings.\" \/>\n<meta property=\"og:site_name\" content=\"SumoAnalysis\" \/>\n<meta property=\"article:modified_time\" content=\"2026-02-07T20:18:50+00:00\" \/>\n<meta name=\"twitter:card\" content=\"summary_large_image\" \/>\n<meta name=\"twitter:label1\" content=\"Tempo estimado de leitura\" \/>\n\t<meta name=\"twitter:data1\" content=\"2 minutos\" \/>\n<script type=\"application\/ld+json\" class=\"yoast-schema-graph\">{\"@context\":\"https:\/\/schema.org\",\"@graph\":[{\"@type\":\"WebPage\",\"@id\":\"https:\/\/www.sumoanalysis.com\/pt-pt\/tp-sl-optimization\/\",\"url\":\"https:\/\/www.sumoanalysis.com\/pt-pt\/tp-sl-optimization\/\",\"name\":\"Otimiza\u00e7\u00e3o de TP \/ SL - SumoAnalysis\",\"isPartOf\":{\"@id\":\"https:\/\/www.sumoanalysis.com\/pt-pt\/#website\"},\"datePublished\":\"2025-11-23T14:49:06+00:00\",\"dateModified\":\"2026-02-07T20:18:50+00:00\",\"description\":\"Otimize os seus n\u00edveis de Take Profit e Stop Loss com an\u00e1lise orientada por IA. Proteja o seu capital e gere o risco de forma eficaz com a Sumo Tradings.\",\"breadcrumb\":{\"@id\":\"https:\/\/www.sumoanalysis.com\/pt-pt\/tp-sl-optimization\/#breadcrumb\"},\"inLanguage\":\"pt-PT\",\"potentialAction\":[{\"@type\":\"ReadAction\",\"target\":[\"https:\/\/www.sumoanalysis.com\/pt-pt\/tp-sl-optimization\/\"]}]},{\"@type\":\"BreadcrumbList\",\"@id\":\"https:\/\/www.sumoanalysis.com\/pt-pt\/tp-sl-optimization\/#breadcrumb\",\"itemListElement\":[{\"@type\":\"ListItem\",\"position\":1,\"name\":\"Home\",\"item\":\"https:\/\/www.sumoanalysis.com\/pt-pt\/\"},{\"@type\":\"ListItem\",\"position\":2,\"name\":\"Otimiza\u00e7\u00e3o de TP \/ SL\"}]},{\"@type\":\"WebSite\",\"@id\":\"https:\/\/www.sumoanalysis.com\/pt-pt\/#website\",\"url\":\"https:\/\/www.sumoanalysis.com\/pt-pt\/\",\"name\":\"SumoAnalysis\",\"description\":\"Sumo Tradings Handles the Analysis. You Focus on Results.\",\"publisher\":{\"@id\":\"https:\/\/www.sumoanalysis.com\/pt-pt\/#organization\"},\"potentialAction\":[{\"@type\":\"SearchAction\",\"target\":{\"@type\":\"EntryPoint\",\"urlTemplate\":\"https:\/\/www.sumoanalysis.com\/pt-pt\/?s={search_term_string}\"},\"query-input\":{\"@type\":\"PropertyValueSpecification\",\"valueRequired\":true,\"valueName\":\"search_term_string\"}}],\"inLanguage\":\"pt-PT\"},{\"@type\":\"Organization\",\"@id\":\"https:\/\/www.sumoanalysis.com\/pt-pt\/#organization\",\"name\":\"SumoAnalysis\",\"url\":\"https:\/\/www.sumoanalysis.com\/pt-pt\/\",\"logo\":{\"@type\":\"ImageObject\",\"inLanguage\":\"pt-PT\",\"@id\":\"https:\/\/www.sumoanalysis.com\/pt-pt\/#\/schema\/logo\/image\/\",\"url\":\"https:\/\/www.sumoanalysis.com\/wp-content\/uploads\/2025\/09\/cropped-Adobe-Express-file.png\",\"contentUrl\":\"https:\/\/www.sumoanalysis.com\/wp-content\/uploads\/2025\/09\/cropped-Adobe-Express-file.png\",\"width\":512,\"height\":512,\"caption\":\"SumoAnalysis\"},\"image\":{\"@id\":\"https:\/\/www.sumoanalysis.com\/pt-pt\/#\/schema\/logo\/image\/\"}}]}<\/script>\n<!-- \/ Yoast SEO plugin. -->","yoast_head_json":{"title":"Otimiza\u00e7\u00e3o de TP \/ SL - SumoAnalysis","description":"Otimize os seus n\u00edveis de Take Profit e Stop Loss com an\u00e1lise orientada por IA. Proteja o seu capital e gere o risco de forma eficaz com a Sumo Tradings.","robots":{"index":"index","follow":"follow","max-snippet":"max-snippet:-1","max-image-preview":"max-image-preview:large","max-video-preview":"max-video-preview:-1"},"canonical":"https:\/\/www.sumoanalysis.com\/pt-pt\/tp-sl-optimization\/","og_locale":"pt_PT","og_type":"article","og_title":"Otimiza\u00e7\u00e3o de TP \/ SL - SumoAnalysis","og_description":"Otimize os seus n\u00edveis de Take Profit e Stop Loss com an\u00e1lise orientada por IA. Proteja o seu capital e gere o risco de forma eficaz com a Sumo Tradings.","og_site_name":"SumoAnalysis","article_modified_time":"2026-02-07T20:18:50+00:00","twitter_card":"summary_large_image","twitter_misc":{"Tempo estimado de leitura":"2 minutos"},"schema":{"@context":"https:\/\/schema.org","@graph":[{"@type":"WebPage","@id":"https:\/\/www.sumoanalysis.com\/pt-pt\/tp-sl-optimization\/","url":"https:\/\/www.sumoanalysis.com\/pt-pt\/tp-sl-optimization\/","name":"Otimiza\u00e7\u00e3o de TP \/ SL - SumoAnalysis","isPartOf":{"@id":"https:\/\/www.sumoanalysis.com\/pt-pt\/#website"},"datePublished":"2025-11-23T14:49:06+00:00","dateModified":"2026-02-07T20:18:50+00:00","description":"Otimize os seus n\u00edveis de Take Profit e Stop Loss com an\u00e1lise orientada por IA. Proteja o seu capital e gere o risco de forma eficaz com a Sumo Tradings.","breadcrumb":{"@id":"https:\/\/www.sumoanalysis.com\/pt-pt\/tp-sl-optimization\/#breadcrumb"},"inLanguage":"pt-PT","potentialAction":[{"@type":"ReadAction","target":["https:\/\/www.sumoanalysis.com\/pt-pt\/tp-sl-optimization\/"]}]},{"@type":"BreadcrumbList","@id":"https:\/\/www.sumoanalysis.com\/pt-pt\/tp-sl-optimization\/#breadcrumb","itemListElement":[{"@type":"ListItem","position":1,"name":"Home","item":"https:\/\/www.sumoanalysis.com\/pt-pt\/"},{"@type":"ListItem","position":2,"name":"Otimiza\u00e7\u00e3o de TP \/ SL"}]},{"@type":"WebSite","@id":"https:\/\/www.sumoanalysis.com\/pt-pt\/#website","url":"https:\/\/www.sumoanalysis.com\/pt-pt\/","name":"SumoAnalysis","description":"Sumo Tradings Handles the Analysis. You Focus on Results.","publisher":{"@id":"https:\/\/www.sumoanalysis.com\/pt-pt\/#organization"},"potentialAction":[{"@type":"SearchAction","target":{"@type":"EntryPoint","urlTemplate":"https:\/\/www.sumoanalysis.com\/pt-pt\/?s={search_term_string}"},"query-input":{"@type":"PropertyValueSpecification","valueRequired":true,"valueName":"search_term_string"}}],"inLanguage":"pt-PT"},{"@type":"Organization","@id":"https:\/\/www.sumoanalysis.com\/pt-pt\/#organization","name":"SumoAnalysis","url":"https:\/\/www.sumoanalysis.com\/pt-pt\/","logo":{"@type":"ImageObject","inLanguage":"pt-PT","@id":"https:\/\/www.sumoanalysis.com\/pt-pt\/#\/schema\/logo\/image\/","url":"https:\/\/www.sumoanalysis.com\/wp-content\/uploads\/2025\/09\/cropped-Adobe-Express-file.png","contentUrl":"https:\/\/www.sumoanalysis.com\/wp-content\/uploads\/2025\/09\/cropped-Adobe-Express-file.png","width":512,"height":512,"caption":"SumoAnalysis"},"image":{"@id":"https:\/\/www.sumoanalysis.com\/pt-pt\/#\/schema\/logo\/image\/"}}]}},"_links":{"self":[{"href":"https:\/\/www.sumoanalysis.com\/pt-pt\/wp-json\/wp\/v2\/pages\/4981","targetHints":{"allow":["GET"]}}],"collection":[{"href":"https:\/\/www.sumoanalysis.com\/pt-pt\/wp-json\/wp\/v2\/pages"}],"about":[{"href":"https:\/\/www.sumoanalysis.com\/pt-pt\/wp-json\/wp\/v2\/types\/page"}],"author":[{"embeddable":true,"href":"https:\/\/www.sumoanalysis.com\/pt-pt\/wp-json\/wp\/v2\/users\/1"}],"replies":[{"embeddable":true,"href":"https:\/\/www.sumoanalysis.com\/pt-pt\/wp-json\/wp\/v2\/comments?post=4981"}],"version-history":[{"count":7,"href":"https:\/\/www.sumoanalysis.com\/pt-pt\/wp-json\/wp\/v2\/pages\/4981\/revisions"}],"predecessor-version":[{"id":5812,"href":"https:\/\/www.sumoanalysis.com\/pt-pt\/wp-json\/wp\/v2\/pages\/4981\/revisions\/5812"}],"wp:attachment":[{"href":"https:\/\/www.sumoanalysis.com\/pt-pt\/wp-json\/wp\/v2\/media?parent=4981"}],"curies":[{"name":"wp","href":"https:\/\/api.w.org\/{rel}","templated":true}]}}